{"id":1293,"date":"2025-12-19T14:20:27","date_gmt":"2025-12-19T13:20:27","guid":{"rendered":"http:\/\/2025.horizon-automation.com\/?page_id=1293"},"modified":"2026-02-16T15:15:52","modified_gmt":"2026-02-16T14:15:52","slug":"farmacja-usa-2","status":"publish","type":"page","link":"https:\/\/horizon-automation.com\/en\/projekty\/farmacja-usa-2\/","title":{"rendered":"Farmacja | USA"},"content":{"rendered":"<div data-elementor-type=\"wp-page\" data-elementor-id=\"1293\" class=\"elementor elementor-1293\">\n\t\t\t\t\t\t<section class=\"elementor-section elementor-top-section elementor-element elementor-element-430564bf elementor-section-height-min-height elementor-section-boxed elementor-section-height-default elementor-section-items-middle\" data-id=\"430564bf\" data-element_type=\"section\" data-e-type=\"section\" data-settings=\"{&quot;background_background&quot;:&quot;classic&quot;}\">\n\t\t\t\t\t\t\t<div class=\"elementor-background-overlay\"><\/div>\n\t\t\t\t\t\t\t<div class=\"elementor-container elementor-column-gap-default\">\n\t\t\t\t\t<div class=\"elementor-column elementor-col-100 elementor-top-column elementor-element elementor-element-2c0786c0\" data-id=\"2c0786c0\" data-element_type=\"column\" data-e-type=\"column\">\n\t\t\t<div class=\"elementor-widget-wrap elementor-element-populated\">\n\t\t\t\t\t\t<div class=\"elementor-element elementor-element-2f43319c elementor-widget elementor-widget-elementskit-heading\" data-id=\"2f43319c\" data-element_type=\"widget\" data-e-type=\"widget\" data-widget_type=\"elementskit-heading.default\">\n\t\t\t\t\t<div class=\"ekit-wid-con\" ><div class=\"ekit-heading elementskit-section-title-wraper text_center   ekit_heading_tablet-   ekit_heading_mobile-\"><h1 class=\"ekit-heading--title elementskit-section-title\">Pharmacy <span><span>USA<\/span><\/span> <\/h1><\/div><\/div>\t\t\t\t<\/div>\n\t\t\t\t<div class=\"elementor-element elementor-element-2bf19682 elementor-widget elementor-widget-text-editor\" data-id=\"2bf19682\" data-element_type=\"widget\" data-e-type=\"widget\" data-widget_type=\"text-editor.default\">\n\t\t\t\t\t\t\t\t\t<p>Home &#8211; <a href=\"\/en\/projects\/\">Projects<\/a><\/p>\t\t\t\t\t\t\t\t<\/div>\n\t\t\t\t\t<\/div>\n\t\t<\/div>\n\t\t\t\t\t<\/div>\n\t\t<\/section>\n\t\t\t\t<section class=\"elementor-section elementor-top-section elementor-element elementor-element-2c5e19b elementor-section-boxed elementor-section-height-default elementor-section-height-default\" data-id=\"2c5e19b\" data-element_type=\"section\" data-e-type=\"section\">\n\t\t\t\t\t\t\t<div class=\"elementor-background-overlay\"><\/div>\n\t\t\t\t\t\t\t<div class=\"elementor-container elementor-column-gap-default\">\n\t\t\t\t\t<div class=\"elementor-column elementor-col-100 elementor-top-column elementor-element elementor-element-18485c3e\" data-id=\"18485c3e\" data-element_type=\"column\" data-e-type=\"column\">\n\t\t\t<div class=\"elementor-widget-wrap elementor-element-populated\">\n\t\t\t\t\t\t<div class=\"elementor-element elementor-element-99f26d6 elementor-widget elementor-widget-video\" data-id=\"99f26d6\" data-element_type=\"widget\" data-e-type=\"widget\" data-settings=\"{&quot;youtube_url&quot;:&quot;https:\\\/\\\/www.youtube.com\\\/watch?v=yykgKFg2Qzk&quot;,&quot;lazy_load&quot;:&quot;yes&quot;,&quot;video_type&quot;:&quot;youtube&quot;,&quot;controls&quot;:&quot;yes&quot;}\" data-widget_type=\"video.default\">\n\t\t\t\t\t\t\t<div class=\"elementor-wrapper elementor-open-inline\">\n\t\t\t<div class=\"elementor-video\"><\/div>\t\t<\/div>\n\t\t\t\t\t\t<\/div>\n\t\t\t\t<section class=\"elementor-section elementor-inner-section elementor-element elementor-element-5e644995 elementor-section-boxed elementor-section-height-default elementor-section-height-default\" data-id=\"5e644995\" data-element_type=\"section\" data-e-type=\"section\">\n\t\t\t\t\t\t<div class=\"elementor-container elementor-column-gap-default\">\n\t\t\t\t\t<div class=\"elementor-column elementor-col-33 elementor-inner-column elementor-element elementor-element-1b04f225\" data-id=\"1b04f225\" data-element_type=\"column\" data-e-type=\"column\" data-settings=\"{&quot;background_background&quot;:&quot;classic&quot;}\">\n\t\t\t<div class=\"elementor-widget-wrap\">\n\t\t\t\t\t\t\t<\/div>\n\t\t<\/div>\n\t\t\t\t<div class=\"elementor-column elementor-col-33 elementor-inner-column elementor-element elementor-element-78065db\" data-id=\"78065db\" data-element_type=\"column\" data-e-type=\"column\" data-settings=\"{&quot;background_background&quot;:&quot;classic&quot;}\">\n\t\t\t<div class=\"elementor-widget-wrap elementor-element-populated\">\n\t\t\t\t\t\t<div class=\"elementor-element elementor-element-bc767c1 elementor-position-inline-start elementor-view-default elementor-mobile-position-block-start elementor-widget elementor-widget-icon-box\" data-id=\"bc767c1\" data-element_type=\"widget\" data-e-type=\"widget\" data-widget_type=\"icon-box.default\">\n\t\t\t\t\t\t\t<div class=\"elementor-icon-box-wrapper\">\n\n\t\t\t\t\t\t<div class=\"elementor-icon-box-icon\">\n\t\t\t\t<span  class=\"elementor-icon\">\n\t\t\t\t<i aria-hidden=\"true\" class=\"icon icon-user\"><\/i>\t\t\t\t<\/span>\n\t\t\t<\/div>\n\t\t\t\n\t\t\t\t\t\t<div class=\"elementor-icon-box-content\">\n\n\t\t\t\t\t\t\t\t\t<h3 class=\"elementor-icon-box-title\">\n\t\t\t\t\t\t<span  >\n\t\t\t\t\t\t\tClient: \t\t\t\t\t\t<\/span>\n\t\t\t\t\t<\/h3>\n\t\t\t\t\n\t\t\t\t\t\t\t\t\t<p class=\"elementor-icon-box-description\">\n\t\t\t\t\t\tPharmacy \t\t\t\t\t<\/p>\n\t\t\t\t\n\t\t\t<\/div>\n\t\t\t\n\t\t<\/div>\n\t\t\t\t\t\t<\/div>\n\t\t\t\t\t<\/div>\n\t\t<\/div>\n\t\t\t\t<div class=\"elementor-column elementor-col-33 elementor-inner-column elementor-element elementor-element-530d746a\" data-id=\"530d746a\" data-element_type=\"column\" data-e-type=\"column\" data-settings=\"{&quot;background_background&quot;:&quot;classic&quot;}\">\n\t\t\t<div class=\"elementor-widget-wrap elementor-element-populated\">\n\t\t\t\t\t\t<div class=\"elementor-element elementor-element-21dcef99 elementor-position-inline-start elementor-view-default elementor-mobile-position-block-start elementor-widget elementor-widget-icon-box\" data-id=\"21dcef99\" data-element_type=\"widget\" data-e-type=\"widget\" data-widget_type=\"icon-box.default\">\n\t\t\t\t\t\t\t<div class=\"elementor-icon-box-wrapper\">\n\n\t\t\t\t\t\t<div class=\"elementor-icon-box-icon\">\n\t\t\t\t<span  class=\"elementor-icon\">\n\t\t\t\t<svg aria-hidden=\"true\" class=\"e-font-icon-svg e-fas-map-marker-alt\" viewbox=\"0 0 384 512\" xmlns=\"http:\/\/www.w3.org\/2000\/svg\"><path d=\"M172.268 501.67C26.97 291.031 0 269.413 0 192 0 85.961 85.961 0 192 0s192 85.961 192 192c0 77.413-26.97 99.031-172.268 309.67-9.535 13.774-29.93 13.773-39.464 0zM192 272c44.183 0 80-35.817 80-80s-35.817-80-80-80-80 35.817-80 80 35.817 80 80 80z\"><\/path><\/svg>\t\t\t\t<\/span>\n\t\t\t<\/div>\n\t\t\t\n\t\t\t\t\t\t<div class=\"elementor-icon-box-content\">\n\n\t\t\t\t\t\t\t\t\t<h3 class=\"elementor-icon-box-title\">\n\t\t\t\t\t\t<span  >\n\t\t\t\t\t\t\tCountry:\t\t\t\t\t\t<\/span>\n\t\t\t\t\t<\/h3>\n\t\t\t\t\n\t\t\t\t\t\t\t\t\t<p class=\"elementor-icon-box-description\">\n\t\t\t\t\t\tUSA\t\t\t\t\t<\/p>\n\t\t\t\t\n\t\t\t<\/div>\n\t\t\t\n\t\t<\/div>\n\t\t\t\t\t\t<\/div>\n\t\t\t\t\t<\/div>\n\t\t<\/div>\n\t\t\t\t\t<\/div>\n\t\t<\/section>\n\t\t\t\t<section class=\"elementor-section elementor-inner-section elementor-element elementor-element-5366e756 elementor-section-boxed elementor-section-height-default elementor-section-height-default\" data-id=\"5366e756\" data-element_type=\"section\" data-e-type=\"section\">\n\t\t\t\t\t\t<div class=\"elementor-container elementor-column-gap-no\">\n\t\t\t\t\t<div class=\"elementor-column elementor-col-100 elementor-inner-column elementor-element elementor-element-607048dc\" data-id=\"607048dc\" data-element_type=\"column\" data-e-type=\"column\">\n\t\t\t<div class=\"elementor-widget-wrap elementor-element-populated\">\n\t\t\t\t\t\t<div class=\"elementor-element elementor-element-13cf116 elementor-widget elementor-widget-elementskit-heading\" data-id=\"13cf116\" data-element_type=\"widget\" data-e-type=\"widget\" data-widget_type=\"elementskit-heading.default\">\n\t\t\t\t\t<div class=\"ekit-wid-con\" ><div class=\"ekit-heading elementskit-section-title-wraper text_left   ekit_heading_tablet-   ekit_heading_mobile-\"><h3 class=\"ekit-heading--title elementskit-section-title\">Pharmaceutical Services for the U.S. Market<\/h3><\/div><\/div>\t\t\t\t<\/div>\n\t\t\t\t<div class=\"elementor-element elementor-element-18323112 elementor-widget elementor-widget-text-editor\" data-id=\"18323112\" data-element_type=\"widget\" data-e-type=\"widget\" data-widget_type=\"text-editor.default\">\n\t\t\t\t\t\t\t\t\t<div>The U.S. pharmaceutical market imposes exceptionally high standards for order fulfillment. Unlike many other markets, each prescription is individually prepared in a plastic vial labeled with the patient\u2019s name and then shipped directly to a pharmacy or the end customer.<\/div><div>\u00a0<\/div><div>At our pharmaceutical distribution centers, we are responsible for:<\/div>\t\t\t\t\t\t\t\t<\/div>\n\t\t\t\t<div class=\"elementor-element elementor-element-685aca5 elementor-widget elementor-widget-text-editor\" data-id=\"685aca5\" data-element_type=\"widget\" data-e-type=\"widget\" data-widget_type=\"text-editor.default\">\n\t\t\t\t\t\t\t\t\t<ul><li>Preparing, integrating, and developing devices for automated drug dispensing (ATD and KMeD)<\/li><li>Commissioning PLC controllers managing intralogistics transport of vials<\/li><li>Selecting and implementing vision systems to verify patient orders<\/li><li>Training maintenance teams<\/li><li>Integration with external machinery<\/li><li>Providing customer support during the commissioning phase<\/li><\/ul>\t\t\t\t\t\t\t\t<\/div>\n\t\t\t\t\t<\/div>\n\t\t<\/div>\n\t\t\t\t\t<\/div>\n\t\t<\/section>\n\t\t\t\t\t<\/div>\n\t\t<\/div>\n\t\t\t\t\t<\/div>\n\t\t<\/section>\n\t\t\t\t<section class=\"elementor-section elementor-top-section elementor-element elementor-element-43ae4d33 elementor-section-height-min-height elementor-section-items-stretch elementor-section-boxed elementor-section-height-default\" data-id=\"43ae4d33\" data-element_type=\"section\" data-e-type=\"section\" data-settings=\"{&quot;background_background&quot;:&quot;classic&quot;}\">\n\t\t\t\t\t\t\t<div class=\"elementor-background-overlay\"><\/div>\n\t\t\t\t\t\t\t<div class=\"elementor-container elementor-column-gap-default\">\n\t\t\t\t\t<div class=\"elementor-column elementor-col-100 elementor-top-column elementor-element elementor-element-11601e30\" data-id=\"11601e30\" data-element_type=\"column\" data-e-type=\"column\">\n\t\t\t<div class=\"elementor-widget-wrap elementor-element-populated\">\n\t\t\t\t\t\t<div class=\"elementor-element elementor-element-436dcdd6 elementor-widget elementor-widget-elementskit-heading\" data-id=\"436dcdd6\" data-element_type=\"widget\" data-e-type=\"widget\" data-widget_type=\"elementskit-heading.default\">\n\t\t\t\t\t<div class=\"ekit-wid-con\" ><div class=\"ekit-heading elementskit-section-title-wraper text_left   ekit_heading_tablet-   ekit_heading_mobile-text_left\"><h2 class=\"ekit-heading--title elementskit-section-title\">Horizon-Automation <span><span>We get things done.<\/span><\/span> <\/h2><\/div><\/div>\t\t\t\t<\/div>\n\t\t\t\t<div class=\"elementor-element elementor-element-3d5e326d elementor-mobile-align-center elementor-widget elementor-widget-button\" data-id=\"3d5e326d\" data-element_type=\"widget\" data-e-type=\"widget\" data-widget_type=\"button.default\">\n\t\t\t\t\t\t\t\t\t\t<a class=\"elementor-button elementor-button-link elementor-size-sm elementor-animation-shrink\" href=\"\/en\/contact-us\/\">\n\t\t\t\t\t\t<span class=\"elementor-button-content-wrapper\">\n\t\t\t\t\t\t\t\t\t<span class=\"elementor-button-text\">Write to us!<\/span>\n\t\t\t\t\t<\/span>\n\t\t\t\t\t<\/a>\n\t\t\t\t\t\t\t\t<\/div>\n\t\t\t\t\t<\/div>\n\t\t<\/div>\n\t\t\t\t\t<\/div>\n\t\t<\/section>\n\t\t\t\t<\/div>","protected":false},"excerpt":{"rendered":"<p>Farmacja USA Home &#8211; Projekty https:\/\/www.youtube.com\/watch?v=yykgKFg2Qzk Klient : Farmacja Kraj: USA Us\u0142ugi farmaceutyczne dla rynku USA Rynek ameryka\u0144ski stawia wyj\u0105tkowo wysokie wymagania w zakresie realizacji zam\u00f3wie\u0144 farmaceutycznych. W przeciwie\u0144stwie do wielu innych rynk\u00f3w, ka\u017cda recepta jest indywidualnie przygotowywana w plastikowej fiolce, oznaczonej nazwiskiem pacjenta, a nast\u0119pnie wysy\u0142ana bezpo\u015brednio do apteki lub do klienta ko\u0144cowego.\u00a0W centrach [&hellip;]<\/p>\n","protected":false},"author":1,"featured_media":0,"parent":471,"menu_order":0,"comment_status":"closed","ping_status":"closed","template":"","meta":{"inline_featured_image":false,"footnotes":""},"class_list":["post-1293","page","type-page","status-publish","hentry"],"yoast_head":"<!-- This site is optimized with the Yoast SEO plugin v27.5 - https:\/\/yoast.com\/product\/yoast-seo-wordpress\/ -->\n<title>Farmacja | USA - Horizon Automation<\/title>\n<meta name=\"robots\" content=\"index, follow, max-snippet:-1, max-image-preview:large, max-video-preview:-1\" \/>\n<link rel=\"canonical\" href=\"https:\/\/horizon-automation.com\/en\/projects\/farmacja-usa-2\/\" \/>\n<meta property=\"og:locale\" content=\"en_GB\" \/>\n<meta property=\"og:type\" content=\"article\" \/>\n<meta property=\"og:title\" content=\"Farmacja | USA - Horizon Automation\" \/>\n<meta property=\"og:description\" content=\"Farmacja USA Home &#8211; Projekty https:\/\/www.youtube.com\/watch?v=yykgKFg2Qzk Klient : Farmacja Kraj: USA Us\u0142ugi farmaceutyczne dla rynku USA Rynek ameryka\u0144ski stawia wyj\u0105tkowo wysokie wymagania w zakresie realizacji zam\u00f3wie\u0144 farmaceutycznych. W przeciwie\u0144stwie do wielu innych rynk\u00f3w, ka\u017cda recepta jest indywidualnie przygotowywana w plastikowej fiolce, oznaczonej nazwiskiem pacjenta, a nast\u0119pnie wysy\u0142ana bezpo\u015brednio do apteki lub do klienta ko\u0144cowego.\u00a0W centrach [&hellip;]\" \/>\n<meta property=\"og:url\" content=\"https:\/\/horizon-automation.com\/en\/projects\/farmacja-usa-2\/\" \/>\n<meta property=\"og:site_name\" content=\"Horizon Automation\" \/>\n<meta property=\"article:modified_time\" content=\"2026-02-16T14:15:52+00:00\" \/>\n<meta name=\"twitter:card\" content=\"summary_large_image\" \/>\n<meta name=\"twitter:label1\" content=\"Estimated reading time\" \/>\n\t<meta name=\"twitter:data1\" content=\"1 minute\" \/>\n<script type=\"application\/ld+json\" class=\"yoast-schema-graph\">{\"@context\":\"https:\\\/\\\/schema.org\",\"@graph\":[{\"@type\":\"WebPage\",\"@id\":\"https:\\\/\\\/horizon-automation.com\\\/projekty\\\/farmacja-usa-2\\\/\",\"url\":\"https:\\\/\\\/horizon-automation.com\\\/projekty\\\/farmacja-usa-2\\\/\",\"name\":\"Farmacja | USA - Horizon Automation\",\"isPartOf\":{\"@id\":\"https:\\\/\\\/horizon-automation.com\\\/#website\"},\"datePublished\":\"2025-12-19T13:20:27+00:00\",\"dateModified\":\"2026-02-16T14:15:52+00:00\",\"breadcrumb\":{\"@id\":\"https:\\\/\\\/horizon-automation.com\\\/projekty\\\/farmacja-usa-2\\\/#breadcrumb\"},\"inLanguage\":\"en-GB\",\"potentialAction\":[{\"@type\":\"ReadAction\",\"target\":[\"https:\\\/\\\/horizon-automation.com\\\/projekty\\\/farmacja-usa-2\\\/\"]}]},{\"@type\":\"BreadcrumbList\",\"@id\":\"https:\\\/\\\/horizon-automation.com\\\/projekty\\\/farmacja-usa-2\\\/#breadcrumb\",\"itemListElement\":[{\"@type\":\"ListItem\",\"position\":1,\"name\":\"Strona g\u0142\u00f3wna\",\"item\":\"https:\\\/\\\/horizon-automation.com\\\/\"},{\"@type\":\"ListItem\",\"position\":2,\"name\":\"Projekty\",\"item\":\"https:\\\/\\\/horizon-automation.com\\\/projekty\\\/\"},{\"@type\":\"ListItem\",\"position\":3,\"name\":\"Farmacja | USA\"}]},{\"@type\":\"WebSite\",\"@id\":\"https:\\\/\\\/horizon-automation.com\\\/#website\",\"url\":\"https:\\\/\\\/horizon-automation.com\\\/\",\"name\":\"Horizon Automation\",\"description\":\"e-commerce, Automatyka przemys\u0142owa Wroc\u0142aw. Projektowanie, programowanie oraz uruchomienia instalacji zautomatyzowanej logistyki, development\",\"publisher\":{\"@id\":\"https:\\\/\\\/horizon-automation.com\\\/#organization\"},\"potentialAction\":[{\"@type\":\"SearchAction\",\"target\":{\"@type\":\"EntryPoint\",\"urlTemplate\":\"https:\\\/\\\/horizon-automation.com\\\/?s={search_term_string}\"},\"query-input\":{\"@type\":\"PropertyValueSpecification\",\"valueRequired\":true,\"valueName\":\"search_term_string\"}}],\"inLanguage\":\"en-GB\"},{\"@type\":\"Organization\",\"@id\":\"https:\\\/\\\/horizon-automation.com\\\/#organization\",\"name\":\"Horizon Automation\",\"url\":\"https:\\\/\\\/horizon-automation.com\\\/\",\"logo\":{\"@type\":\"ImageObject\",\"inLanguage\":\"en-GB\",\"@id\":\"https:\\\/\\\/horizon-automation.com\\\/#\\\/schema\\\/logo\\\/image\\\/\",\"url\":\"https:\\\/\\\/horizon-automation.com\\\/wp-content\\\/uploads\\\/2025\\\/11\\\/logo-horizon-fav.svg\",\"contentUrl\":\"https:\\\/\\\/horizon-automation.com\\\/wp-content\\\/uploads\\\/2025\\\/11\\\/logo-horizon-fav.svg\",\"width\":600,\"height\":600,\"caption\":\"Horizon Automation\"},\"image\":{\"@id\":\"https:\\\/\\\/horizon-automation.com\\\/#\\\/schema\\\/logo\\\/image\\\/\"}}]}<\/script>\n<!-- \/ Yoast SEO plugin. -->","yoast_head_json":{"title":"Farmacja | USA - Horizon Automation","robots":{"index":"index","follow":"follow","max-snippet":"max-snippet:-1","max-image-preview":"max-image-preview:large","max-video-preview":"max-video-preview:-1"},"canonical":"https:\/\/horizon-automation.com\/en\/projects\/farmacja-usa-2\/","og_locale":"en_GB","og_type":"article","og_title":"Farmacja | USA - Horizon Automation","og_description":"Farmacja USA Home &#8211; Projekty https:\/\/www.youtube.com\/watch?v=yykgKFg2Qzk Klient : Farmacja Kraj: USA Us\u0142ugi farmaceutyczne dla rynku USA Rynek ameryka\u0144ski stawia wyj\u0105tkowo wysokie wymagania w zakresie realizacji zam\u00f3wie\u0144 farmaceutycznych. W przeciwie\u0144stwie do wielu innych rynk\u00f3w, ka\u017cda recepta jest indywidualnie przygotowywana w plastikowej fiolce, oznaczonej nazwiskiem pacjenta, a nast\u0119pnie wysy\u0142ana bezpo\u015brednio do apteki lub do klienta ko\u0144cowego.\u00a0W centrach [&hellip;]","og_url":"https:\/\/horizon-automation.com\/en\/projects\/farmacja-usa-2\/","og_site_name":"Horizon Automation","article_modified_time":"2026-02-16T14:15:52+00:00","twitter_card":"summary_large_image","twitter_misc":{"Estimated reading time":"1 minute"},"schema":{"@context":"https:\/\/schema.org","@graph":[{"@type":"WebPage","@id":"https:\/\/horizon-automation.com\/projekty\/farmacja-usa-2\/","url":"https:\/\/horizon-automation.com\/projekty\/farmacja-usa-2\/","name":"Farmacja | USA - Horizon Automation","isPartOf":{"@id":"https:\/\/horizon-automation.com\/#website"},"datePublished":"2025-12-19T13:20:27+00:00","dateModified":"2026-02-16T14:15:52+00:00","breadcrumb":{"@id":"https:\/\/horizon-automation.com\/projekty\/farmacja-usa-2\/#breadcrumb"},"inLanguage":"en-GB","potentialAction":[{"@type":"ReadAction","target":["https:\/\/horizon-automation.com\/projekty\/farmacja-usa-2\/"]}]},{"@type":"BreadcrumbList","@id":"https:\/\/horizon-automation.com\/projekty\/farmacja-usa-2\/#breadcrumb","itemListElement":[{"@type":"ListItem","position":1,"name":"Strona g\u0142\u00f3wna","item":"https:\/\/horizon-automation.com\/"},{"@type":"ListItem","position":2,"name":"Projekty","item":"https:\/\/horizon-automation.com\/projekty\/"},{"@type":"ListItem","position":3,"name":"Farmacja | USA"}]},{"@type":"WebSite","@id":"https:\/\/horizon-automation.com\/#website","url":"https:\/\/horizon-automation.com\/","name":"Horizon Automation","description":"e-commerce, Automatyka przemys\u0142owa Wroc\u0142aw. Projektowanie, programowanie oraz uruchomienia instalacji zautomatyzowanej logistyki, development","publisher":{"@id":"https:\/\/horizon-automation.com\/#organization"},"potentialAction":[{"@type":"SearchAction","target":{"@type":"EntryPoint","urlTemplate":"https:\/\/horizon-automation.com\/?s={search_term_string}"},"query-input":{"@type":"PropertyValueSpecification","valueRequired":true,"valueName":"search_term_string"}}],"inLanguage":"en-GB"},{"@type":"Organization","@id":"https:\/\/horizon-automation.com\/#organization","name":"Horizon Automation","url":"https:\/\/horizon-automation.com\/","logo":{"@type":"ImageObject","inLanguage":"en-GB","@id":"https:\/\/horizon-automation.com\/#\/schema\/logo\/image\/","url":"https:\/\/horizon-automation.com\/wp-content\/uploads\/2025\/11\/logo-horizon-fav.svg","contentUrl":"https:\/\/horizon-automation.com\/wp-content\/uploads\/2025\/11\/logo-horizon-fav.svg","width":600,"height":600,"caption":"Horizon Automation"},"image":{"@id":"https:\/\/horizon-automation.com\/#\/schema\/logo\/image\/"}}]}},"_links":{"self":[{"href":"https:\/\/horizon-automation.com\/en\/wp-json\/wp\/v2\/pages\/1293","targetHints":{"allow":["GET"]}}],"collection":[{"href":"https:\/\/horizon-automation.com\/en\/wp-json\/wp\/v2\/pages"}],"about":[{"href":"https:\/\/horizon-automation.com\/en\/wp-json\/wp\/v2\/types\/page"}],"author":[{"embeddable":true,"href":"https:\/\/horizon-automation.com\/en\/wp-json\/wp\/v2\/users\/1"}],"replies":[{"embeddable":true,"href":"https:\/\/horizon-automation.com\/en\/wp-json\/wp\/v2\/comments?post=1293"}],"version-history":[{"count":9,"href":"https:\/\/horizon-automation.com\/en\/wp-json\/wp\/v2\/pages\/1293\/revisions"}],"predecessor-version":[{"id":1509,"href":"https:\/\/horizon-automation.com\/en\/wp-json\/wp\/v2\/pages\/1293\/revisions\/1509"}],"up":[{"embeddable":true,"href":"https:\/\/horizon-automation.com\/en\/wp-json\/wp\/v2\/pages\/471"}],"wp:attachment":[{"href":"https:\/\/horizon-automation.com\/en\/wp-json\/wp\/v2\/media?parent=1293"}],"curies":[{"name":"wp","href":"https:\/\/api.w.org\/{rel}","templated":true}]}}