{"id":1297,"date":"2025-12-19T14:21:31","date_gmt":"2025-12-19T13:21:31","guid":{"rendered":"http:\/\/2025.horizon-automation.com\/?page_id=1297"},"modified":"2026-02-16T15:13:51","modified_gmt":"2026-02-16T14:13:51","slug":"runpick-usa","status":"publish","type":"page","link":"https:\/\/horizon-automation.com\/en\/projekty\/runpick-usa\/","title":{"rendered":"RUNPICK | USA"},"content":{"rendered":"<div data-elementor-type=\"wp-page\" data-elementor-id=\"1297\" class=\"elementor elementor-1297\">\n\t\t\t\t\t\t<section class=\"elementor-section elementor-top-section elementor-element elementor-element-430564bf elementor-section-height-min-height elementor-section-boxed elementor-section-height-default elementor-section-items-middle\" data-id=\"430564bf\" data-element_type=\"section\" data-e-type=\"section\" data-settings=\"{&quot;background_background&quot;:&quot;classic&quot;}\">\n\t\t\t\t\t\t\t<div class=\"elementor-background-overlay\"><\/div>\n\t\t\t\t\t\t\t<div class=\"elementor-container elementor-column-gap-default\">\n\t\t\t\t\t<div class=\"elementor-column elementor-col-100 elementor-top-column elementor-element elementor-element-2c0786c0\" data-id=\"2c0786c0\" data-element_type=\"column\" data-e-type=\"column\">\n\t\t\t<div class=\"elementor-widget-wrap elementor-element-populated\">\n\t\t\t\t\t\t<div class=\"elementor-element elementor-element-2f43319c elementor-widget elementor-widget-elementskit-heading\" data-id=\"2f43319c\" data-element_type=\"widget\" data-e-type=\"widget\" data-widget_type=\"elementskit-heading.default\">\n\t\t\t\t\t<div class=\"ekit-wid-con\" ><div class=\"ekit-heading elementskit-section-title-wraper text_center   ekit_heading_tablet-   ekit_heading_mobile-\"><h1 class=\"ekit-heading--title elementskit-section-title\">RUNPICK <span><span>USA<\/span><\/span> <\/h1><\/div><\/div>\t\t\t\t<\/div>\n\t\t\t\t<div class=\"elementor-element elementor-element-2bf19682 elementor-widget elementor-widget-text-editor\" data-id=\"2bf19682\" data-element_type=\"widget\" data-e-type=\"widget\" data-widget_type=\"text-editor.default\">\n\t\t\t\t\t\t\t\t\t<p>Home &#8211; <a href=\"\/en\/projects\/\">Projects<\/a><\/p>\t\t\t\t\t\t\t\t<\/div>\n\t\t\t\t\t<\/div>\n\t\t<\/div>\n\t\t\t\t\t<\/div>\n\t\t<\/section>\n\t\t\t\t<section class=\"elementor-section elementor-top-section elementor-element elementor-element-2c5e19b elementor-section-boxed elementor-section-height-default elementor-section-height-default\" data-id=\"2c5e19b\" data-element_type=\"section\" data-e-type=\"section\">\n\t\t\t\t\t\t\t<div class=\"elementor-background-overlay\"><\/div>\n\t\t\t\t\t\t\t<div class=\"elementor-container elementor-column-gap-default\">\n\t\t\t\t\t<div class=\"elementor-column elementor-col-100 elementor-top-column elementor-element elementor-element-18485c3e\" data-id=\"18485c3e\" data-element_type=\"column\" data-e-type=\"column\">\n\t\t\t<div class=\"elementor-widget-wrap elementor-element-populated\">\n\t\t\t\t\t\t<div class=\"elementor-element elementor-element-99f26d6 elementor-widget elementor-widget-video\" data-id=\"99f26d6\" data-element_type=\"widget\" data-e-type=\"widget\" data-settings=\"{&quot;youtube_url&quot;:&quot;https:\\\/\\\/www.youtube.com\\\/watch?v=UR8HXvvM6CA&quot;,&quot;lazy_load&quot;:&quot;yes&quot;,&quot;video_type&quot;:&quot;youtube&quot;,&quot;controls&quot;:&quot;yes&quot;}\" data-widget_type=\"video.default\">\n\t\t\t\t\t\t\t<div class=\"elementor-wrapper elementor-open-inline\">\n\t\t\t<div class=\"elementor-video\"><\/div>\t\t<\/div>\n\t\t\t\t\t\t<\/div>\n\t\t\t\t<section class=\"elementor-section elementor-inner-section elementor-element elementor-element-5e644995 elementor-section-boxed elementor-section-height-default elementor-section-height-default\" data-id=\"5e644995\" data-element_type=\"section\" data-e-type=\"section\">\n\t\t\t\t\t\t<div class=\"elementor-container elementor-column-gap-default\">\n\t\t\t\t\t<div class=\"elementor-column elementor-col-33 elementor-inner-column elementor-element elementor-element-1b04f225\" data-id=\"1b04f225\" data-element_type=\"column\" data-e-type=\"column\" data-settings=\"{&quot;background_background&quot;:&quot;classic&quot;}\">\n\t\t\t<div class=\"elementor-widget-wrap\">\n\t\t\t\t\t\t\t<\/div>\n\t\t<\/div>\n\t\t\t\t<div class=\"elementor-column elementor-col-33 elementor-inner-column elementor-element elementor-element-78065db\" data-id=\"78065db\" data-element_type=\"column\" data-e-type=\"column\" data-settings=\"{&quot;background_background&quot;:&quot;classic&quot;}\">\n\t\t\t<div class=\"elementor-widget-wrap elementor-element-populated\">\n\t\t\t\t\t\t<div class=\"elementor-element elementor-element-bc767c1 elementor-position-inline-start elementor-view-default elementor-mobile-position-block-start elementor-widget elementor-widget-icon-box\" data-id=\"bc767c1\" data-element_type=\"widget\" data-e-type=\"widget\" data-widget_type=\"icon-box.default\">\n\t\t\t\t\t\t\t<div class=\"elementor-icon-box-wrapper\">\n\n\t\t\t\t\t\t<div class=\"elementor-icon-box-icon\">\n\t\t\t\t<span  class=\"elementor-icon\">\n\t\t\t\t<i aria-hidden=\"true\" class=\"icon icon-user\"><\/i>\t\t\t\t<\/span>\n\t\t\t<\/div>\n\t\t\t\n\t\t\t\t\t\t<div class=\"elementor-icon-box-content\">\n\n\t\t\t\t\t\t\t\t\t<h3 class=\"elementor-icon-box-title\">\n\t\t\t\t\t\t<span  >\n\t\t\t\t\t\t\tClient: \t\t\t\t\t\t<\/span>\n\t\t\t\t\t<\/h3>\n\t\t\t\t\n\t\t\t\t\t\t\t\t\t<p class=\"elementor-icon-box-description\">\n\t\t\t\t\t\tRUNPICK \t\t\t\t\t<\/p>\n\t\t\t\t\n\t\t\t<\/div>\n\t\t\t\n\t\t<\/div>\n\t\t\t\t\t\t<\/div>\n\t\t\t\t\t<\/div>\n\t\t<\/div>\n\t\t\t\t<div class=\"elementor-column elementor-col-33 elementor-inner-column elementor-element elementor-element-530d746a\" data-id=\"530d746a\" data-element_type=\"column\" data-e-type=\"column\" data-settings=\"{&quot;background_background&quot;:&quot;classic&quot;}\">\n\t\t\t<div class=\"elementor-widget-wrap elementor-element-populated\">\n\t\t\t\t\t\t<div class=\"elementor-element elementor-element-21dcef99 elementor-position-inline-start elementor-view-default elementor-mobile-position-block-start elementor-widget elementor-widget-icon-box\" data-id=\"21dcef99\" data-element_type=\"widget\" data-e-type=\"widget\" data-widget_type=\"icon-box.default\">\n\t\t\t\t\t\t\t<div class=\"elementor-icon-box-wrapper\">\n\n\t\t\t\t\t\t<div class=\"elementor-icon-box-icon\">\n\t\t\t\t<span  class=\"elementor-icon\">\n\t\t\t\t<svg aria-hidden=\"true\" class=\"e-font-icon-svg e-fas-map-marker-alt\" viewbox=\"0 0 384 512\" xmlns=\"http:\/\/www.w3.org\/2000\/svg\"><path d=\"M172.268 501.67C26.97 291.031 0 269.413 0 192 0 85.961 85.961 0 192 0s192 85.961 192 192c0 77.413-26.97 99.031-172.268 309.67-9.535 13.774-29.93 13.773-39.464 0zM192 272c44.183 0 80-35.817 80-80s-35.817-80-80-80-80 35.817-80 80 35.817 80 80 80z\"><\/path><\/svg>\t\t\t\t<\/span>\n\t\t\t<\/div>\n\t\t\t\n\t\t\t\t\t\t<div class=\"elementor-icon-box-content\">\n\n\t\t\t\t\t\t\t\t\t<h3 class=\"elementor-icon-box-title\">\n\t\t\t\t\t\t<span  >\n\t\t\t\t\t\t\tCountry:\t\t\t\t\t\t<\/span>\n\t\t\t\t\t<\/h3>\n\t\t\t\t\n\t\t\t\t\t\t\t\t\t<p class=\"elementor-icon-box-description\">\n\t\t\t\t\t\tUSA\t\t\t\t\t<\/p>\n\t\t\t\t\n\t\t\t<\/div>\n\t\t\t\n\t\t<\/div>\n\t\t\t\t\t\t<\/div>\n\t\t\t\t\t<\/div>\n\t\t<\/div>\n\t\t\t\t\t<\/div>\n\t\t<\/section>\n\t\t\t\t<section class=\"elementor-section elementor-inner-section elementor-element elementor-element-5366e756 elementor-section-boxed elementor-section-height-default elementor-section-height-default\" data-id=\"5366e756\" data-element_type=\"section\" data-e-type=\"section\">\n\t\t\t\t\t\t<div class=\"elementor-container elementor-column-gap-no\">\n\t\t\t\t\t<div class=\"elementor-column elementor-col-100 elementor-inner-column elementor-element elementor-element-607048dc\" data-id=\"607048dc\" data-element_type=\"column\" data-e-type=\"column\">\n\t\t\t<div class=\"elementor-widget-wrap elementor-element-populated\">\n\t\t\t\t\t\t<div class=\"elementor-element elementor-element-18323112 elementor-widget elementor-widget-text-editor\" data-id=\"18323112\" data-element_type=\"widget\" data-e-type=\"widget\" data-widget_type=\"text-editor.default\">\n\t\t\t\t\t\t\t\t\t<p>RUNPICK is KNAPP\u2019s fully automated Robotic Universal Picker \u2014 the fastest system in the world for picking and palletizing complete retail cases, particularly in the food sector. The robot builds mixed pallets and roll containers, handling different package types in a single cycle, increasing efficiency and reducing order fulfillment time.\n<br>\nAs part of the project, we delivered:<\/p>\t\t\t\t\t\t\t\t<\/div>\n\t\t\t\t<div class=\"elementor-element elementor-element-685aca5 elementor-widget elementor-widget-text-editor\" data-id=\"685aca5\" data-element_type=\"widget\" data-e-type=\"widget\" data-widget_type=\"text-editor.default\">\n\t\t\t\t\t\t\t\t\t<ul><li>Commissioning of 12 automated RUNPICK palletizing systems<\/li><li>Commissioning of automated conveyor systems and the OSR system together with Pick-It-Easy order picking stations<\/li><li>Integration with external machinery and higher-level systems<\/li><li>Implementation of WCS and SRC software<\/li><li>Training for maintenance teams and on-site customer support<\/li><\/ul>\t\t\t\t\t\t\t\t<\/div>\n\t\t\t\t\t<\/div>\n\t\t<\/div>\n\t\t\t\t\t<\/div>\n\t\t<\/section>\n\t\t\t\t\t<\/div>\n\t\t<\/div>\n\t\t\t\t\t<\/div>\n\t\t<\/section>\n\t\t\t\t<section class=\"elementor-section elementor-top-section elementor-element elementor-element-47ae3c2f elementor-section-height-min-height elementor-section-items-stretch elementor-section-boxed elementor-section-height-default\" data-id=\"47ae3c2f\" data-element_type=\"section\" data-e-type=\"section\" data-settings=\"{&quot;background_background&quot;:&quot;classic&quot;}\">\n\t\t\t\t\t\t\t<div class=\"elementor-background-overlay\"><\/div>\n\t\t\t\t\t\t\t<div class=\"elementor-container elementor-column-gap-default\">\n\t\t\t\t\t<div class=\"elementor-column elementor-col-100 elementor-top-column elementor-element elementor-element-70b34ed0\" data-id=\"70b34ed0\" data-element_type=\"column\" data-e-type=\"column\">\n\t\t\t<div class=\"elementor-widget-wrap elementor-element-populated\">\n\t\t\t\t\t\t<div class=\"elementor-element elementor-element-75f01979 elementor-widget elementor-widget-elementskit-heading\" data-id=\"75f01979\" data-element_type=\"widget\" data-e-type=\"widget\" data-widget_type=\"elementskit-heading.default\">\n\t\t\t\t\t<div class=\"ekit-wid-con\" ><div class=\"ekit-heading elementskit-section-title-wraper text_left   ekit_heading_tablet-   ekit_heading_mobile-text_left\"><h2 class=\"ekit-heading--title elementskit-section-title\">Horizon-Automation <span><span>We get things done.<\/span><\/span> <\/h2><\/div><\/div>\t\t\t\t<\/div>\n\t\t\t\t<div class=\"elementor-element elementor-element-621f0c8b elementor-mobile-align-center elementor-widget elementor-widget-button\" data-id=\"621f0c8b\" data-element_type=\"widget\" data-e-type=\"widget\" data-widget_type=\"button.default\">\n\t\t\t\t\t\t\t\t\t\t<a class=\"elementor-button elementor-button-link elementor-size-sm elementor-animation-shrink\" href=\"\/en\/contact-us\/\">\n\t\t\t\t\t\t<span class=\"elementor-button-content-wrapper\">\n\t\t\t\t\t\t\t\t\t<span class=\"elementor-button-text\">Write to us!<\/span>\n\t\t\t\t\t<\/span>\n\t\t\t\t\t<\/a>\n\t\t\t\t\t\t\t\t<\/div>\n\t\t\t\t\t<\/div>\n\t\t<\/div>\n\t\t\t\t\t<\/div>\n\t\t<\/section>\n\t\t\t\t<\/div>","protected":false},"excerpt":{"rendered":"<p>RUNPICK USA Home &#8211; Projekty https:\/\/www.youtube.com\/watch?v=UR8HXvvM6CA Klient : RUNPICK Kraj: USA RUNPICK to Robotic Universal Picker firmy KNAPP \u2013 w pe\u0142ni automatyczny, najszybszy na \u015bwiecie system do kompletacji i paletyzacji ca\u0142ych opakowa\u0144 w handlu detalicznym, szczeg\u00f3lnie spo\u017cywczym. Robot tworzy mieszane palety i rollkontenery, obs\u0142uguj\u0105c r\u00f3\u017cne typy opakowa\u0144 w jednym cyklu, co zwi\u0119ksza wydajno\u015b\u0107 i skraca [&hellip;]<\/p>\n","protected":false},"author":1,"featured_media":0,"parent":471,"menu_order":0,"comment_status":"closed","ping_status":"closed","template":"","meta":{"inline_featured_image":false,"footnotes":""},"class_list":["post-1297","page","type-page","status-publish","hentry"],"yoast_head":"<!-- This site is optimized with the Yoast SEO plugin v27.5 - https:\/\/yoast.com\/product\/yoast-seo-wordpress\/ -->\n<title>RUNPICK | USA - Horizon Automation<\/title>\n<meta name=\"robots\" content=\"index, follow, max-snippet:-1, max-image-preview:large, max-video-preview:-1\" \/>\n<link rel=\"canonical\" href=\"https:\/\/horizon-automation.com\/en\/projects\/runpick-usa\/\" \/>\n<meta property=\"og:locale\" content=\"en_GB\" \/>\n<meta property=\"og:type\" content=\"article\" \/>\n<meta property=\"og:title\" content=\"RUNPICK | USA - Horizon Automation\" \/>\n<meta property=\"og:description\" content=\"RUNPICK USA Home &#8211; Projekty https:\/\/www.youtube.com\/watch?v=UR8HXvvM6CA Klient : RUNPICK Kraj: USA RUNPICK to Robotic Universal Picker firmy KNAPP \u2013 w pe\u0142ni automatyczny, najszybszy na \u015bwiecie system do kompletacji i paletyzacji ca\u0142ych opakowa\u0144 w handlu detalicznym, szczeg\u00f3lnie spo\u017cywczym. Robot tworzy mieszane palety i rollkontenery, obs\u0142uguj\u0105c r\u00f3\u017cne typy opakowa\u0144 w jednym cyklu, co zwi\u0119ksza wydajno\u015b\u0107 i skraca [&hellip;]\" \/>\n<meta property=\"og:url\" content=\"https:\/\/horizon-automation.com\/en\/projects\/runpick-usa\/\" \/>\n<meta property=\"og:site_name\" content=\"Horizon Automation\" \/>\n<meta property=\"article:modified_time\" content=\"2026-02-16T14:13:51+00:00\" \/>\n<meta name=\"twitter:card\" content=\"summary_large_image\" \/>\n<meta name=\"twitter:label1\" content=\"Estimated reading time\" \/>\n\t<meta name=\"twitter:data1\" content=\"1 minute\" \/>\n<script type=\"application\/ld+json\" class=\"yoast-schema-graph\">{\"@context\":\"https:\\\/\\\/schema.org\",\"@graph\":[{\"@type\":\"WebPage\",\"@id\":\"https:\\\/\\\/horizon-automation.com\\\/projekty\\\/runpick-usa\\\/\",\"url\":\"https:\\\/\\\/horizon-automation.com\\\/projekty\\\/runpick-usa\\\/\",\"name\":\"RUNPICK | USA - Horizon Automation\",\"isPartOf\":{\"@id\":\"https:\\\/\\\/horizon-automation.com\\\/#website\"},\"datePublished\":\"2025-12-19T13:21:31+00:00\",\"dateModified\":\"2026-02-16T14:13:51+00:00\",\"breadcrumb\":{\"@id\":\"https:\\\/\\\/horizon-automation.com\\\/projekty\\\/runpick-usa\\\/#breadcrumb\"},\"inLanguage\":\"en-GB\",\"potentialAction\":[{\"@type\":\"ReadAction\",\"target\":[\"https:\\\/\\\/horizon-automation.com\\\/projekty\\\/runpick-usa\\\/\"]}]},{\"@type\":\"BreadcrumbList\",\"@id\":\"https:\\\/\\\/horizon-automation.com\\\/projekty\\\/runpick-usa\\\/#breadcrumb\",\"itemListElement\":[{\"@type\":\"ListItem\",\"position\":1,\"name\":\"Strona g\u0142\u00f3wna\",\"item\":\"https:\\\/\\\/horizon-automation.com\\\/\"},{\"@type\":\"ListItem\",\"position\":2,\"name\":\"Projekty\",\"item\":\"https:\\\/\\\/horizon-automation.com\\\/projekty\\\/\"},{\"@type\":\"ListItem\",\"position\":3,\"name\":\"RUNPICK | USA\"}]},{\"@type\":\"WebSite\",\"@id\":\"https:\\\/\\\/horizon-automation.com\\\/#website\",\"url\":\"https:\\\/\\\/horizon-automation.com\\\/\",\"name\":\"Horizon Automation\",\"description\":\"e-commerce, Automatyka przemys\u0142owa Wroc\u0142aw. Projektowanie, programowanie oraz uruchomienia instalacji zautomatyzowanej logistyki, development\",\"publisher\":{\"@id\":\"https:\\\/\\\/horizon-automation.com\\\/#organization\"},\"potentialAction\":[{\"@type\":\"SearchAction\",\"target\":{\"@type\":\"EntryPoint\",\"urlTemplate\":\"https:\\\/\\\/horizon-automation.com\\\/?s={search_term_string}\"},\"query-input\":{\"@type\":\"PropertyValueSpecification\",\"valueRequired\":true,\"valueName\":\"search_term_string\"}}],\"inLanguage\":\"en-GB\"},{\"@type\":\"Organization\",\"@id\":\"https:\\\/\\\/horizon-automation.com\\\/#organization\",\"name\":\"Horizon Automation\",\"url\":\"https:\\\/\\\/horizon-automation.com\\\/\",\"logo\":{\"@type\":\"ImageObject\",\"inLanguage\":\"en-GB\",\"@id\":\"https:\\\/\\\/horizon-automation.com\\\/#\\\/schema\\\/logo\\\/image\\\/\",\"url\":\"https:\\\/\\\/horizon-automation.com\\\/wp-content\\\/uploads\\\/2025\\\/11\\\/logo-horizon-fav.svg\",\"contentUrl\":\"https:\\\/\\\/horizon-automation.com\\\/wp-content\\\/uploads\\\/2025\\\/11\\\/logo-horizon-fav.svg\",\"width\":600,\"height\":600,\"caption\":\"Horizon Automation\"},\"image\":{\"@id\":\"https:\\\/\\\/horizon-automation.com\\\/#\\\/schema\\\/logo\\\/image\\\/\"}}]}<\/script>\n<!-- \/ Yoast SEO plugin. -->","yoast_head_json":{"title":"RUNPICK | USA - Horizon Automation","robots":{"index":"index","follow":"follow","max-snippet":"max-snippet:-1","max-image-preview":"max-image-preview:large","max-video-preview":"max-video-preview:-1"},"canonical":"https:\/\/horizon-automation.com\/en\/projects\/runpick-usa\/","og_locale":"en_GB","og_type":"article","og_title":"RUNPICK | USA - Horizon Automation","og_description":"RUNPICK USA Home &#8211; Projekty https:\/\/www.youtube.com\/watch?v=UR8HXvvM6CA Klient : RUNPICK Kraj: USA RUNPICK to Robotic Universal Picker firmy KNAPP \u2013 w pe\u0142ni automatyczny, najszybszy na \u015bwiecie system do kompletacji i paletyzacji ca\u0142ych opakowa\u0144 w handlu detalicznym, szczeg\u00f3lnie spo\u017cywczym. Robot tworzy mieszane palety i rollkontenery, obs\u0142uguj\u0105c r\u00f3\u017cne typy opakowa\u0144 w jednym cyklu, co zwi\u0119ksza wydajno\u015b\u0107 i skraca [&hellip;]","og_url":"https:\/\/horizon-automation.com\/en\/projects\/runpick-usa\/","og_site_name":"Horizon Automation","article_modified_time":"2026-02-16T14:13:51+00:00","twitter_card":"summary_large_image","twitter_misc":{"Estimated reading time":"1 minute"},"schema":{"@context":"https:\/\/schema.org","@graph":[{"@type":"WebPage","@id":"https:\/\/horizon-automation.com\/projekty\/runpick-usa\/","url":"https:\/\/horizon-automation.com\/projekty\/runpick-usa\/","name":"RUNPICK | USA - Horizon Automation","isPartOf":{"@id":"https:\/\/horizon-automation.com\/#website"},"datePublished":"2025-12-19T13:21:31+00:00","dateModified":"2026-02-16T14:13:51+00:00","breadcrumb":{"@id":"https:\/\/horizon-automation.com\/projekty\/runpick-usa\/#breadcrumb"},"inLanguage":"en-GB","potentialAction":[{"@type":"ReadAction","target":["https:\/\/horizon-automation.com\/projekty\/runpick-usa\/"]}]},{"@type":"BreadcrumbList","@id":"https:\/\/horizon-automation.com\/projekty\/runpick-usa\/#breadcrumb","itemListElement":[{"@type":"ListItem","position":1,"name":"Strona g\u0142\u00f3wna","item":"https:\/\/horizon-automation.com\/"},{"@type":"ListItem","position":2,"name":"Projekty","item":"https:\/\/horizon-automation.com\/projekty\/"},{"@type":"ListItem","position":3,"name":"RUNPICK | USA"}]},{"@type":"WebSite","@id":"https:\/\/horizon-automation.com\/#website","url":"https:\/\/horizon-automation.com\/","name":"Horizon Automation","description":"e-commerce, Automatyka przemys\u0142owa Wroc\u0142aw. Projektowanie, programowanie oraz uruchomienia instalacji zautomatyzowanej logistyki, development","publisher":{"@id":"https:\/\/horizon-automation.com\/#organization"},"potentialAction":[{"@type":"SearchAction","target":{"@type":"EntryPoint","urlTemplate":"https:\/\/horizon-automation.com\/?s={search_term_string}"},"query-input":{"@type":"PropertyValueSpecification","valueRequired":true,"valueName":"search_term_string"}}],"inLanguage":"en-GB"},{"@type":"Organization","@id":"https:\/\/horizon-automation.com\/#organization","name":"Horizon Automation","url":"https:\/\/horizon-automation.com\/","logo":{"@type":"ImageObject","inLanguage":"en-GB","@id":"https:\/\/horizon-automation.com\/#\/schema\/logo\/image\/","url":"https:\/\/horizon-automation.com\/wp-content\/uploads\/2025\/11\/logo-horizon-fav.svg","contentUrl":"https:\/\/horizon-automation.com\/wp-content\/uploads\/2025\/11\/logo-horizon-fav.svg","width":600,"height":600,"caption":"Horizon Automation"},"image":{"@id":"https:\/\/horizon-automation.com\/#\/schema\/logo\/image\/"}}]}},"_links":{"self":[{"href":"https:\/\/horizon-automation.com\/en\/wp-json\/wp\/v2\/pages\/1297","targetHints":{"allow":["GET"]}}],"collection":[{"href":"https:\/\/horizon-automation.com\/en\/wp-json\/wp\/v2\/pages"}],"about":[{"href":"https:\/\/horizon-automation.com\/en\/wp-json\/wp\/v2\/types\/page"}],"author":[{"embeddable":true,"href":"https:\/\/horizon-automation.com\/en\/wp-json\/wp\/v2\/users\/1"}],"replies":[{"embeddable":true,"href":"https:\/\/horizon-automation.com\/en\/wp-json\/wp\/v2\/comments?post=1297"}],"version-history":[{"count":10,"href":"https:\/\/horizon-automation.com\/en\/wp-json\/wp\/v2\/pages\/1297\/revisions"}],"predecessor-version":[{"id":1505,"href":"https:\/\/horizon-automation.com\/en\/wp-json\/wp\/v2\/pages\/1297\/revisions\/1505"}],"up":[{"embeddable":true,"href":"https:\/\/horizon-automation.com\/en\/wp-json\/wp\/v2\/pages\/471"}],"wp:attachment":[{"href":"https:\/\/horizon-automation.com\/en\/wp-json\/wp\/v2\/media?parent=1297"}],"curies":[{"name":"wp","href":"https:\/\/api.w.org\/{rel}","templated":true}]}}