{"id":1540,"date":"2026-03-17T13:48:28","date_gmt":"2026-03-17T12:48:28","guid":{"rendered":"http:\/\/2025.horizon-automation.com\/?page_id=1540"},"modified":"2026-04-10T12:43:50","modified_gmt":"2026-04-10T10:43:50","slug":"automatyzacja-procesow-magazynowych-i-logistycznych-automatyzacja-logistyki","status":"publish","type":"page","link":"https:\/\/horizon-automation.com\/en\/automatyzacja-procesow-magazynowych-i-logistycznych-automatyzacja-logistyki\/","title":{"rendered":"Automatyzacja proces\u00f3w magazynowych i logistycznych"},"content":{"rendered":"<div data-elementor-type=\"wp-page\" data-elementor-id=\"1540\" class=\"elementor elementor-1540\">\n\t\t\t\t\t\t<section class=\"elementor-section elementor-top-section elementor-element elementor-element-10417ca6 elementor-section-height-min-height elementor-section-boxed elementor-section-height-default elementor-section-items-middle\" data-id=\"10417ca6\" data-element_type=\"section\" data-e-type=\"section\" data-settings=\"{&quot;background_background&quot;:&quot;classic&quot;}\">\n\t\t\t\t\t\t\t<div class=\"elementor-background-overlay\"><\/div>\n\t\t\t\t\t\t\t<div class=\"elementor-container elementor-column-gap-default\">\n\t\t\t\t\t<div class=\"elementor-column elementor-col-100 elementor-top-column elementor-element elementor-element-3dcac82e\" data-id=\"3dcac82e\" data-element_type=\"column\" data-e-type=\"column\">\n\t\t\t<div class=\"elementor-widget-wrap elementor-element-populated\">\n\t\t\t\t\t\t<div class=\"elementor-element elementor-element-28ae2991 elementor-widget elementor-widget-elementskit-heading\" data-id=\"28ae2991\" data-element_type=\"widget\" data-e-type=\"widget\" data-widget_type=\"elementskit-heading.default\">\n\t\t\t\t\t<div class=\"ekit-wid-con\" ><div class=\"ekit-heading elementskit-section-title-wraper text_center   ekit_heading_tablet-   ekit_heading_mobile-\"><h1 class=\"ekit-heading--title elementskit-section-title\">Automatyzacja proces\u00f3w magazynowych i logistycznych<\/h1><\/div><\/div>\t\t\t\t<\/div>\n\t\t\t\t<div class=\"elementor-element elementor-element-300d3de7 elementor-widget elementor-widget-text-editor\" data-id=\"300d3de7\" data-element_type=\"widget\" data-e-type=\"widget\" data-widget_type=\"text-editor.default\">\n\t\t\t\t\t\t\t\t\t<p>Home<\/p>\t\t\t\t\t\t\t\t<\/div>\n\t\t\t\t\t<\/div>\n\t\t<\/div>\n\t\t\t\t\t<\/div>\n\t\t<\/section>\n\t\t\t\t<section class=\"elementor-section elementor-top-section elementor-element elementor-element-2b8aff3e elementor-section-boxed elementor-section-height-default elementor-section-height-default\" data-id=\"2b8aff3e\" data-element_type=\"section\" data-e-type=\"section\" data-settings=\"{&quot;background_background&quot;:&quot;classic&quot;}\">\n\t\t\t\t\t\t\t<div class=\"elementor-background-overlay\"><\/div>\n\t\t\t\t\t\t\t<div class=\"elementor-container elementor-column-gap-default\">\n\t\t\t\t\t<div class=\"elementor-column elementor-col-50 elementor-top-column elementor-element elementor-element-4cc47a87\" data-id=\"4cc47a87\" data-element_type=\"column\" data-e-type=\"column\" data-settings=\"{&quot;background_background&quot;:&quot;classic&quot;}\">\n\t\t\t<div class=\"elementor-widget-wrap elementor-element-populated\">\n\t\t\t\t\t\t<div class=\"elementor-element elementor-element-c24abb6 ekit-equal-height-disable elementor-widget elementor-widget-elementskit-icon-box\" data-id=\"c24abb6\" data-element_type=\"widget\" data-e-type=\"widget\" data-widget_type=\"elementskit-icon-box.default\">\n\t\t\t\t\t<div class=\"ekit-wid-con\" >        <!-- link opening -->\n                <!-- end link opening -->\n\n        <div class=\"elementskit-infobox text-left text-left icon-top-align elementor-animation-\">\n                            <div class=\"elementskit-box-header\">\n                <div class=\"elementskit-info-box-icon\">\n                    <img fetchpriority=\"high\" decoding=\"async\" width=\"300\" height=\"300\" src=\"https:\/\/horizon-automation.com\/wp-content\/uploads\/2025\/12\/Icon3.png\" class=\"attachment- size-\" alt=\"\" srcset=\"https:\/\/horizon-automation.com\/wp-content\/uploads\/2025\/12\/Icon3.png 300w, https:\/\/horizon-automation.com\/wp-content\/uploads\/2025\/12\/Icon3-150x150.png 150w\" sizes=\"(max-width: 300px) 100vw, 300px\" \/>                <\/div>\n          <\/div>\n                <div class=\"box-body\">\n                                            <\/div>\n        \n        \n                <\/div>\n        <\/div>\t\t\t\t<\/div>\n\t\t\t\t\t<\/div>\n\t\t<\/div>\n\t\t\t\t<div class=\"elementor-column elementor-col-50 elementor-top-column elementor-element elementor-element-9191c5d\" data-id=\"9191c5d\" data-element_type=\"column\" data-e-type=\"column\">\n\t\t\t<div class=\"elementor-widget-wrap elementor-element-populated\">\n\t\t\t\t\t\t<div class=\"elementor-element elementor-element-411693e elementor-widget elementor-widget-text-editor\" data-id=\"411693e\" data-element_type=\"widget\" data-e-type=\"widget\" data-widget_type=\"text-editor.default\">\n\t\t\t\t\t\t\t\t\t<p><strong>Automatyzacja proces\u00f3w magazynowych oraz automatyzacja proces\u00f3w logistycznych stanowi\u0105 fundament nowoczesnych system\u00f3w obs\u0142ugi przep\u0142ywu towar\u00f3w. Obejmuj\u0105 zar\u00f3wno operacje realizowane wewn\u0105trz magazyn\u00f3w logistycznych, jak i integracj\u0119 tych dzia\u0142a\u0144 z szerszym \u0142a\u0144cuchem dostaw. W\u0142a\u015bciwie zaprojektowana automatyzacja pozwala zwi\u0119kszy\u0107 wydajno\u015b\u0107 operacyjn\u0105 oraz stabilno\u015b\u0107 realizowanych proces\u00f3w.<\/strong><\/p><h2>Czym jest automatyzacja proces\u00f3w magazynowych i logistycznych?<\/h2><p>Automatyzacja proces\u00f3w magazynowych polega na uporz\u0105dkowaniu oraz sterowaniu operacjami realizowanymi w magazynach logistycznych, w taki spos\u00f3b, aby ograniczy\u0107 r\u0119czne dzia\u0142ania i zwi\u0119kszy\u0107 przewidywalno\u015b\u0107 proces\u00f3w. Z kolei automatyzacja proces\u00f3w logistycznych obejmuje szersze spojrzenie na przep\u0142yw materia\u0142\u00f3w oraz informacji w ca\u0142ym systemie operacyjnym przedsi\u0119biorstwa.<\/p><p>Nie polega ona wy\u0142\u0105cznie na wdro\u017ceniu urz\u0105dze\u0144, lecz na zaprojektowaniu sp\u00f3jnej logiki dzia\u0142ania ca\u0142ego \u015brodowiska pracy. W praktyce automatyzacja proces\u00f3w magazynowych i logistycznych obejmuje zar\u00f3wno warstw\u0119 techniczn\u0105, jak i operacyjn\u0105 \u2013 od transportu wewn\u0119trznego, przez sterowanie procesami, a\u017c po integracj\u0119 z systemami IT.<\/p><h2>Jakie procesy obejmuje automatyzacja magazyn\u00f3w logistycznych?<\/h2><p>Automatyzacja proces\u00f3w magazynowych w magazynach logistycznych mo\u017ce dotyczy\u0107 wielu obszar\u00f3w operacyjnych, kt\u00f3re jednocze\u015bnie stanowi\u0105 element automatyzacji proces\u00f3w logistycznych, m.in.:<\/p><ul><li>transportu wewn\u0119trznego i przep\u0142ywu materia\u0142\u00f3w,<\/li><li>sortowania i kierowania jednostek logistycznych,<\/li><li>buforowania i kolejkowania zada\u0144,<\/li><li>synchronizacji pracy urz\u0105dze\u0144 magazynowych,<\/li><li>komunikacji z systemami nadrz\u0119dnymi (WMS, ERP).<\/li><\/ul><p>Ka\u017cdy z tych element\u00f3w powinien by\u0107 zaprojektowany jako cz\u0119\u015b\u0107 jednego, sp\u00f3jnego systemu sterowania.<\/p><h2>Dlaczego automatyzacja proces\u00f3w magazynowych wymaga podej\u015bcia systemowego?<\/h2><p>Automatyzacja proces\u00f3w magazynowych stanowi integralny element automatyzacji proces\u00f3w logistycznych i nie funkcjonuje w izolacji. Zmiana jednego parametru \u2013 np. pr\u0119dko\u015bci transportu lub logiki priorytet\u00f3w \u2013 wp\u0142ywa na ca\u0142y \u0142a\u0144cuch operacji realizowanych w magazynie logistycznym.<\/p><p>Dlatego kluczowe znaczenie ma analiza rzeczywistych warunk\u00f3w pracy obiektu. W\u0142a\u015bciwe podej\u015bcie do automatyzacji magazyn\u00f3w logistycznych uwzgl\u0119dnia:<\/p><ul><li>zmienno\u015b\u0107 obci\u0105\u017ce\u0144 i wolumen\u00f3w,<\/li><li>charakter asortymentu,<\/li><li>rytm pracy i zmiany operacyjne,<\/li><li>reakcje operator\u00f3w i obs\u0142ugi technicznej.<\/li><\/ul><h2>Jak\u0105 rol\u0119 odgrywa oprogramowanie w automatyzacji magazyn\u00f3w logistycznych?<\/h2><p>Oprogramowanie steruj\u0105ce, w tym systemy PLC oraz warstwa nadrz\u0119dna, decyduj\u0105 o stabilno\u015bci zar\u00f3wno automatyzacji proces\u00f3w magazynowych, jak i ca\u0142ej automatyzacji proces\u00f3w logistycznych. To w\u0142a\u015bnie na poziomie oprogramowania definiowana jest logika proces\u00f3w, reakcje na b\u0142\u0119dy oraz priorytety realizacji zada\u0144.<\/p><p><strong>Dobrze zaprojektowane sterowanie:<\/strong><\/p><ul><li>eliminuje konflikty ruchu,<\/li><li>zapewnia p\u0142ynno\u015b\u0107 transportu w magazynach logistycznych,<\/li><li>umo\u017cliwia skalowanie systemu,<\/li><li>wspiera diagnostyk\u0119 i utrzymanie ruchu.<\/li><\/ul><h2>Jakie s\u0105 realne korzy\u015bci z automatyzacji proces\u00f3w magazynowych?<\/h2><p>Automatyzacja proces\u00f3w magazynowych oraz automatyzacja proces\u00f3w logistycznych przynosz\u0105 wymierne efekty tylko wtedy, gdy s\u0105 wdra\u017cane w spos\u00f3b odpowiedzialny i testowane w realnych warunkach pracy magazynu logistycznego.<\/p><p><strong>Do najwa\u017cniejszych korzy\u015bci nale\u017c\u0105:<\/strong><\/p><ul><li>zwi\u0119kszenie wydajno\u015bci operacyjnej,<\/li><li>ograniczenie b\u0142\u0119d\u00f3w ludzkich,<\/li><li>stabilizacja proces\u00f3w magazynowych,<\/li><li>poprawa bezpiecze\u0144stwa pracy,<\/li><li>lepsza kontrola nad przep\u0142ywem materia\u0142\u00f3w i informacji.<\/li><\/ul><h2>Kiedy automatyzacja magazyn\u00f3w logistycznych faktycznie dzia\u0142a?<\/h2><p>Automatyzacja proces\u00f3w magazynowych dzia\u0142a skutecznie wtedy, gdy system jest uruchomiony, przetestowany i zweryfikowany pod rzeczywistym obci\u0105\u017ceniem operacyjnym. Dopiero sprawdzona instalacja, z jasno zdefiniowan\u0105 logik\u0105 dzia\u0142ania i odpowiednio przygotowanym personelem, mo\u017ce realnie wspiera\u0107 procesy logistyczne przedsi\u0119biorstwa.<\/p>\t\t\t\t\t\t\t\t<\/div>\n\t\t\t\t\t<\/div>\n\t\t<\/div>\n\t\t\t\t\t<\/div>\n\t\t<\/section>\n\t\t\t\t<section class=\"elementor-section elementor-top-section elementor-element elementor-element-545e72bc elementor-section-height-min-height elementor-section-items-stretch elementor-section-boxed elementor-section-height-default\" data-id=\"545e72bc\" data-element_type=\"section\" data-e-type=\"section\" data-settings=\"{&quot;background_background&quot;:&quot;classic&quot;}\">\n\t\t\t\t\t\t\t<div class=\"elementor-background-overlay\"><\/div>\n\t\t\t\t\t\t\t<div class=\"elementor-container elementor-column-gap-default\">\n\t\t\t\t\t<div class=\"elementor-column elementor-col-100 elementor-top-column elementor-element elementor-element-574bf295\" data-id=\"574bf295\" data-element_type=\"column\" data-e-type=\"column\">\n\t\t\t<div class=\"elementor-widget-wrap elementor-element-populated\">\n\t\t\t\t\t\t<div class=\"elementor-element elementor-element-60209115 elementor-widget elementor-widget-elementskit-heading\" data-id=\"60209115\" data-element_type=\"widget\" data-e-type=\"widget\" data-widget_type=\"elementskit-heading.default\">\n\t\t\t\t\t<div class=\"ekit-wid-con\" ><div class=\"ekit-heading elementskit-section-title-wraper text_left   ekit_heading_tablet-   ekit_heading_mobile-text_center\"><h2 class=\"ekit-heading--title elementskit-section-title\">Horizon-Automation <span><span>We get things done.<\/span><\/span> <\/h2><\/div><\/div>\t\t\t\t<\/div>\n\t\t\t\t<div class=\"elementor-element elementor-element-2213541 elementor-widget elementor-widget-button\" data-id=\"2213541\" data-element_type=\"widget\" data-e-type=\"widget\" data-widget_type=\"button.default\">\n\t\t\t\t\t\t\t\t\t\t<a class=\"elementor-button elementor-button-link elementor-size-sm elementor-animation-shrink\" href=\"\/en\/contact-us\/\">\n\t\t\t\t\t\t<span class=\"elementor-button-content-wrapper\">\n\t\t\t\t\t\t\t\t\t<span class=\"elementor-button-text\">Write to us!<\/span>\n\t\t\t\t\t<\/span>\n\t\t\t\t\t<\/a>\n\t\t\t\t\t\t\t\t<\/div>\n\t\t\t\t\t<\/div>\n\t\t<\/div>\n\t\t\t\t\t<\/div>\n\t\t<\/section>\n\t\t\t\t<\/div>\n\t\t\n    <div class=\"xs_social_share_widget xs_share_url after_content \t\tmain_content  wslu-style-1 wslu-share-box-shaped wslu-fill-colored wslu-none wslu-share-horizontal wslu-theme-font-no wslu-main_content\">\n\n\t\t\n        <ul>\n\t\t\t        <\/ul>\n    <\/div>","protected":false},"excerpt":{"rendered":"<p>Automatyzacja proces\u00f3w magazynowych i logistycznych Home Automatyzacja proces\u00f3w magazynowych oraz automatyzacja proces\u00f3w logistycznych stanowi\u0105 fundament nowoczesnych system\u00f3w obs\u0142ugi przep\u0142ywu towar\u00f3w. Obejmuj\u0105 zar\u00f3wno operacje realizowane wewn\u0105trz magazyn\u00f3w logistycznych, jak i integracj\u0119 tych dzia\u0142a\u0144 z szerszym \u0142a\u0144cuchem dostaw. W\u0142a\u015bciwie zaprojektowana automatyzacja pozwala zwi\u0119kszy\u0107 wydajno\u015b\u0107 operacyjn\u0105 oraz stabilno\u015b\u0107 realizowanych proces\u00f3w. Czym jest automatyzacja proces\u00f3w magazynowych i logistycznych? Automatyzacja [&hellip;]<\/p>\n","protected":false},"author":1,"featured_media":0,"parent":0,"menu_order":0,"comment_status":"closed","ping_status":"closed","template":"elementor_header_footer","meta":{"inline_featured_image":false,"footnotes":""},"class_list":["post-1540","page","type-page","status-publish","hentry"],"yoast_head":"<!-- This site is optimized with the Yoast SEO plugin v27.4 - https:\/\/yoast.com\/product\/yoast-seo-wordpress\/ -->\n<title>Automatyzacja proces\u00f3w logistycznych | Automatyzacja logistyki - Horizon Automation<\/title>\n<meta name=\"description\" content=\"Automatyzacja proces\u00f3w logistycznych. Automatyzacja logistyki to fundament nowoczesnych system\u00f3w obs\u0142ugi przep\u0142ywu towar\u00f3w.\" \/>\n<meta name=\"robots\" content=\"index, follow, max-snippet:-1, max-image-preview:large, max-video-preview:-1\" \/>\n<link rel=\"canonical\" href=\"https:\/\/horizon-automation.com\/en\/automatyzacja-procesow-magazynowych-i-logistycznych-automatyzacja-logistyki\/\" \/>\n<meta property=\"og:locale\" content=\"en_GB\" \/>\n<meta property=\"og:type\" content=\"article\" \/>\n<meta property=\"og:title\" content=\"Automatyzacja proces\u00f3w logistycznych | Automatyzacja logistyki - Horizon Automation\" \/>\n<meta property=\"og:description\" content=\"Automatyzacja proces\u00f3w logistycznych. Automatyzacja logistyki to fundament nowoczesnych system\u00f3w obs\u0142ugi przep\u0142ywu towar\u00f3w.\" \/>\n<meta property=\"og:url\" content=\"https:\/\/horizon-automation.com\/en\/automatyzacja-procesow-magazynowych-i-logistycznych-automatyzacja-logistyki\/\" \/>\n<meta property=\"og:site_name\" content=\"Horizon Automation\" \/>\n<meta property=\"article:modified_time\" content=\"2026-04-10T10:43:50+00:00\" \/>\n<meta property=\"og:image\" content=\"https:\/\/horizon-automation.com\/wp-content\/uploads\/2025\/12\/Icon3.png\" \/>\n<meta name=\"twitter:card\" content=\"summary_large_image\" \/>\n<meta name=\"twitter:label1\" content=\"Estimated reading time\" \/>\n\t<meta name=\"twitter:data1\" content=\"3 minutes\" \/>\n<script type=\"application\/ld+json\" class=\"yoast-schema-graph\">{\"@context\":\"https:\\\/\\\/schema.org\",\"@graph\":[{\"@type\":\"WebPage\",\"@id\":\"https:\\\/\\\/horizon-automation.com\\\/automatyzacja-procesow-magazynowych-i-logistycznych-automatyzacja-logistyki\\\/\",\"url\":\"https:\\\/\\\/horizon-automation.com\\\/automatyzacja-procesow-magazynowych-i-logistycznych-automatyzacja-logistyki\\\/\",\"name\":\"Automatyzacja proces\u00f3w logistycznych | Automatyzacja logistyki - Horizon Automation\",\"isPartOf\":{\"@id\":\"https:\\\/\\\/horizon-automation.com\\\/#website\"},\"primaryImageOfPage\":{\"@id\":\"https:\\\/\\\/horizon-automation.com\\\/automatyzacja-procesow-magazynowych-i-logistycznych-automatyzacja-logistyki\\\/#primaryimage\"},\"image\":{\"@id\":\"https:\\\/\\\/horizon-automation.com\\\/automatyzacja-procesow-magazynowych-i-logistycznych-automatyzacja-logistyki\\\/#primaryimage\"},\"thumbnailUrl\":\"https:\\\/\\\/horizon-automation.com\\\/wp-content\\\/uploads\\\/2025\\\/12\\\/Icon3.png\",\"datePublished\":\"2026-03-17T12:48:28+00:00\",\"dateModified\":\"2026-04-10T10:43:50+00:00\",\"description\":\"Automatyzacja proces\u00f3w logistycznych. Automatyzacja logistyki to fundament nowoczesnych system\u00f3w obs\u0142ugi przep\u0142ywu towar\u00f3w.\",\"breadcrumb\":{\"@id\":\"https:\\\/\\\/horizon-automation.com\\\/automatyzacja-procesow-magazynowych-i-logistycznych-automatyzacja-logistyki\\\/#breadcrumb\"},\"inLanguage\":\"en-GB\",\"potentialAction\":[{\"@type\":\"ReadAction\",\"target\":[\"https:\\\/\\\/horizon-automation.com\\\/automatyzacja-procesow-magazynowych-i-logistycznych-automatyzacja-logistyki\\\/\"]}]},{\"@type\":\"ImageObject\",\"inLanguage\":\"en-GB\",\"@id\":\"https:\\\/\\\/horizon-automation.com\\\/automatyzacja-procesow-magazynowych-i-logistycznych-automatyzacja-logistyki\\\/#primaryimage\",\"url\":\"https:\\\/\\\/horizon-automation.com\\\/wp-content\\\/uploads\\\/2025\\\/12\\\/Icon3.png\",\"contentUrl\":\"https:\\\/\\\/horizon-automation.com\\\/wp-content\\\/uploads\\\/2025\\\/12\\\/Icon3.png\"},{\"@type\":\"BreadcrumbList\",\"@id\":\"https:\\\/\\\/horizon-automation.com\\\/automatyzacja-procesow-magazynowych-i-logistycznych-automatyzacja-logistyki\\\/#breadcrumb\",\"itemListElement\":[{\"@type\":\"ListItem\",\"position\":1,\"name\":\"Strona g\u0142\u00f3wna\",\"item\":\"https:\\\/\\\/horizon-automation.com\\\/\"},{\"@type\":\"ListItem\",\"position\":2,\"name\":\"Automatyzacja proces\u00f3w magazynowych i logistycznych\"}]},{\"@type\":\"WebSite\",\"@id\":\"https:\\\/\\\/horizon-automation.com\\\/#website\",\"url\":\"https:\\\/\\\/horizon-automation.com\\\/\",\"name\":\"Horizon Automation\",\"description\":\"e-commerce, Automatyka przemys\u0142owa Wroc\u0142aw. Projektowanie, programowanie oraz uruchomienia instalacji zautomatyzowanej logistyki, development\",\"publisher\":{\"@id\":\"https:\\\/\\\/horizon-automation.com\\\/#organization\"},\"potentialAction\":[{\"@type\":\"SearchAction\",\"target\":{\"@type\":\"EntryPoint\",\"urlTemplate\":\"https:\\\/\\\/horizon-automation.com\\\/?s={search_term_string}\"},\"query-input\":{\"@type\":\"PropertyValueSpecification\",\"valueRequired\":true,\"valueName\":\"search_term_string\"}}],\"inLanguage\":\"en-GB\"},{\"@type\":\"Organization\",\"@id\":\"https:\\\/\\\/horizon-automation.com\\\/#organization\",\"name\":\"Horizon Automation\",\"url\":\"https:\\\/\\\/horizon-automation.com\\\/\",\"logo\":{\"@type\":\"ImageObject\",\"inLanguage\":\"en-GB\",\"@id\":\"https:\\\/\\\/horizon-automation.com\\\/#\\\/schema\\\/logo\\\/image\\\/\",\"url\":\"https:\\\/\\\/horizon-automation.com\\\/wp-content\\\/uploads\\\/2025\\\/11\\\/logo-horizon-fav.svg\",\"contentUrl\":\"https:\\\/\\\/horizon-automation.com\\\/wp-content\\\/uploads\\\/2025\\\/11\\\/logo-horizon-fav.svg\",\"width\":600,\"height\":600,\"caption\":\"Horizon Automation\"},\"image\":{\"@id\":\"https:\\\/\\\/horizon-automation.com\\\/#\\\/schema\\\/logo\\\/image\\\/\"}}]}<\/script>\n<!-- \/ Yoast SEO plugin. -->","yoast_head_json":{"title":"Automatyzacja proces\u00f3w logistycznych | Automatyzacja logistyki - Horizon Automation","description":"Automatyzacja proces\u00f3w logistycznych. Automatyzacja logistyki to fundament nowoczesnych system\u00f3w obs\u0142ugi przep\u0142ywu towar\u00f3w.","robots":{"index":"index","follow":"follow","max-snippet":"max-snippet:-1","max-image-preview":"max-image-preview:large","max-video-preview":"max-video-preview:-1"},"canonical":"https:\/\/horizon-automation.com\/en\/automatyzacja-procesow-magazynowych-i-logistycznych-automatyzacja-logistyki\/","og_locale":"en_GB","og_type":"article","og_title":"Automatyzacja proces\u00f3w logistycznych | Automatyzacja logistyki - Horizon Automation","og_description":"Automatyzacja proces\u00f3w logistycznych. Automatyzacja logistyki to fundament nowoczesnych system\u00f3w obs\u0142ugi przep\u0142ywu towar\u00f3w.","og_url":"https:\/\/horizon-automation.com\/en\/automatyzacja-procesow-magazynowych-i-logistycznych-automatyzacja-logistyki\/","og_site_name":"Horizon Automation","article_modified_time":"2026-04-10T10:43:50+00:00","og_image":[{"url":"https:\/\/horizon-automation.com\/wp-content\/uploads\/2025\/12\/Icon3.png","type":"","width":"","height":""}],"twitter_card":"summary_large_image","twitter_misc":{"Estimated reading time":"3 minutes"},"schema":{"@context":"https:\/\/schema.org","@graph":[{"@type":"WebPage","@id":"https:\/\/horizon-automation.com\/automatyzacja-procesow-magazynowych-i-logistycznych-automatyzacja-logistyki\/","url":"https:\/\/horizon-automation.com\/automatyzacja-procesow-magazynowych-i-logistycznych-automatyzacja-logistyki\/","name":"Automatyzacja proces\u00f3w logistycznych | Automatyzacja logistyki - Horizon Automation","isPartOf":{"@id":"https:\/\/horizon-automation.com\/#website"},"primaryImageOfPage":{"@id":"https:\/\/horizon-automation.com\/automatyzacja-procesow-magazynowych-i-logistycznych-automatyzacja-logistyki\/#primaryimage"},"image":{"@id":"https:\/\/horizon-automation.com\/automatyzacja-procesow-magazynowych-i-logistycznych-automatyzacja-logistyki\/#primaryimage"},"thumbnailUrl":"https:\/\/horizon-automation.com\/wp-content\/uploads\/2025\/12\/Icon3.png","datePublished":"2026-03-17T12:48:28+00:00","dateModified":"2026-04-10T10:43:50+00:00","description":"Automatyzacja proces\u00f3w logistycznych. Automatyzacja logistyki to fundament nowoczesnych system\u00f3w obs\u0142ugi przep\u0142ywu towar\u00f3w.","breadcrumb":{"@id":"https:\/\/horizon-automation.com\/automatyzacja-procesow-magazynowych-i-logistycznych-automatyzacja-logistyki\/#breadcrumb"},"inLanguage":"en-GB","potentialAction":[{"@type":"ReadAction","target":["https:\/\/horizon-automation.com\/automatyzacja-procesow-magazynowych-i-logistycznych-automatyzacja-logistyki\/"]}]},{"@type":"ImageObject","inLanguage":"en-GB","@id":"https:\/\/horizon-automation.com\/automatyzacja-procesow-magazynowych-i-logistycznych-automatyzacja-logistyki\/#primaryimage","url":"https:\/\/horizon-automation.com\/wp-content\/uploads\/2025\/12\/Icon3.png","contentUrl":"https:\/\/horizon-automation.com\/wp-content\/uploads\/2025\/12\/Icon3.png"},{"@type":"BreadcrumbList","@id":"https:\/\/horizon-automation.com\/automatyzacja-procesow-magazynowych-i-logistycznych-automatyzacja-logistyki\/#breadcrumb","itemListElement":[{"@type":"ListItem","position":1,"name":"Strona g\u0142\u00f3wna","item":"https:\/\/horizon-automation.com\/"},{"@type":"ListItem","position":2,"name":"Automatyzacja proces\u00f3w magazynowych i logistycznych"}]},{"@type":"WebSite","@id":"https:\/\/horizon-automation.com\/#website","url":"https:\/\/horizon-automation.com\/","name":"Horizon Automation","description":"e-commerce, Automatyka przemys\u0142owa Wroc\u0142aw. Projektowanie, programowanie oraz uruchomienia instalacji zautomatyzowanej logistyki, development","publisher":{"@id":"https:\/\/horizon-automation.com\/#organization"},"potentialAction":[{"@type":"SearchAction","target":{"@type":"EntryPoint","urlTemplate":"https:\/\/horizon-automation.com\/?s={search_term_string}"},"query-input":{"@type":"PropertyValueSpecification","valueRequired":true,"valueName":"search_term_string"}}],"inLanguage":"en-GB"},{"@type":"Organization","@id":"https:\/\/horizon-automation.com\/#organization","name":"Horizon Automation","url":"https:\/\/horizon-automation.com\/","logo":{"@type":"ImageObject","inLanguage":"en-GB","@id":"https:\/\/horizon-automation.com\/#\/schema\/logo\/image\/","url":"https:\/\/horizon-automation.com\/wp-content\/uploads\/2025\/11\/logo-horizon-fav.svg","contentUrl":"https:\/\/horizon-automation.com\/wp-content\/uploads\/2025\/11\/logo-horizon-fav.svg","width":600,"height":600,"caption":"Horizon Automation"},"image":{"@id":"https:\/\/horizon-automation.com\/#\/schema\/logo\/image\/"}}]}},"_links":{"self":[{"href":"https:\/\/horizon-automation.com\/en\/wp-json\/wp\/v2\/pages\/1540","targetHints":{"allow":["GET"]}}],"collection":[{"href":"https:\/\/horizon-automation.com\/en\/wp-json\/wp\/v2\/pages"}],"about":[{"href":"https:\/\/horizon-automation.com\/en\/wp-json\/wp\/v2\/types\/page"}],"author":[{"embeddable":true,"href":"https:\/\/horizon-automation.com\/en\/wp-json\/wp\/v2\/users\/1"}],"replies":[{"embeddable":true,"href":"https:\/\/horizon-automation.com\/en\/wp-json\/wp\/v2\/comments?post=1540"}],"version-history":[{"count":4,"href":"https:\/\/horizon-automation.com\/en\/wp-json\/wp\/v2\/pages\/1540\/revisions"}],"predecessor-version":[{"id":1544,"href":"https:\/\/horizon-automation.com\/en\/wp-json\/wp\/v2\/pages\/1540\/revisions\/1544"}],"wp:attachment":[{"href":"https:\/\/horizon-automation.com\/en\/wp-json\/wp\/v2\/media?parent=1540"}],"curies":[{"name":"wp","href":"https:\/\/api.w.org\/{rel}","templated":true}]}}