{"id":1561,"date":"2026-03-17T13:54:44","date_gmt":"2026-03-17T12:54:44","guid":{"rendered":"http:\/\/2025.horizon-automation.com\/?page_id=1561"},"modified":"2026-04-10T12:39:42","modified_gmt":"2026-04-10T10:39:42","slug":"systemy-przenosnikow-i-systemy-skladowania","status":"publish","type":"page","link":"https:\/\/horizon-automation.com\/en\/systemy-przenosnikow-i-systemy-skladowania\/","title":{"rendered":"Systemy przeno\u015bnik\u00f3w i sk\u0142adowania"},"content":{"rendered":"<div data-elementor-type=\"wp-page\" data-elementor-id=\"1561\" class=\"elementor elementor-1561\">\n\t\t\t\t\t\t<section class=\"elementor-section elementor-top-section elementor-element elementor-element-10417ca6 elementor-section-height-min-height elementor-section-boxed elementor-section-height-default elementor-section-items-middle\" data-id=\"10417ca6\" data-element_type=\"section\" data-e-type=\"section\" data-settings=\"{&quot;background_background&quot;:&quot;classic&quot;}\">\n\t\t\t\t\t\t\t<div class=\"elementor-background-overlay\"><\/div>\n\t\t\t\t\t\t\t<div class=\"elementor-container elementor-column-gap-default\">\n\t\t\t\t\t<div class=\"elementor-column elementor-col-100 elementor-top-column elementor-element elementor-element-3dcac82e\" data-id=\"3dcac82e\" data-element_type=\"column\" data-e-type=\"column\">\n\t\t\t<div class=\"elementor-widget-wrap elementor-element-populated\">\n\t\t\t\t\t\t<div class=\"elementor-element elementor-element-28ae2991 elementor-widget elementor-widget-elementskit-heading\" data-id=\"28ae2991\" data-element_type=\"widget\" data-e-type=\"widget\" data-widget_type=\"elementskit-heading.default\">\n\t\t\t\t\t<div class=\"ekit-wid-con\" ><div class=\"ekit-heading elementskit-section-title-wraper text_center   ekit_heading_tablet-   ekit_heading_mobile-\"><h1 class=\"ekit-heading--title elementskit-section-title\">Systemy przeno\u015bnik\u00f3w i sk\u0142adowania<\/h1><\/div><\/div>\t\t\t\t<\/div>\n\t\t\t\t<div class=\"elementor-element elementor-element-300d3de7 elementor-widget elementor-widget-text-editor\" data-id=\"300d3de7\" data-element_type=\"widget\" data-e-type=\"widget\" data-widget_type=\"text-editor.default\">\n\t\t\t\t\t\t\t\t\t<p>Home<\/p>\t\t\t\t\t\t\t\t<\/div>\n\t\t\t\t\t<\/div>\n\t\t<\/div>\n\t\t\t\t\t<\/div>\n\t\t<\/section>\n\t\t\t\t<section class=\"elementor-section elementor-top-section elementor-element elementor-element-2b8aff3e elementor-section-boxed elementor-section-height-default elementor-section-height-default\" data-id=\"2b8aff3e\" data-element_type=\"section\" data-e-type=\"section\" data-settings=\"{&quot;background_background&quot;:&quot;classic&quot;}\">\n\t\t\t\t\t\t\t<div class=\"elementor-background-overlay\"><\/div>\n\t\t\t\t\t\t\t<div class=\"elementor-container elementor-column-gap-default\">\n\t\t\t\t\t<div class=\"elementor-column elementor-col-50 elementor-top-column elementor-element elementor-element-4cc47a87\" data-id=\"4cc47a87\" data-element_type=\"column\" data-e-type=\"column\" data-settings=\"{&quot;background_background&quot;:&quot;classic&quot;}\">\n\t\t\t<div class=\"elementor-widget-wrap elementor-element-populated\">\n\t\t\t\t\t\t<div class=\"elementor-element elementor-element-c24abb6 ekit-equal-height-disable elementor-widget elementor-widget-elementskit-icon-box\" data-id=\"c24abb6\" data-element_type=\"widget\" data-e-type=\"widget\" data-widget_type=\"elementskit-icon-box.default\">\n\t\t\t\t\t<div class=\"ekit-wid-con\" >        <!-- link opening -->\n                <!-- end link opening -->\n\n        <div class=\"elementskit-infobox text-left text-left icon-top-align elementor-animation-\">\n                            <div class=\"elementskit-box-header\">\n                <div class=\"elementskit-info-box-icon\">\n                    <img fetchpriority=\"high\" decoding=\"async\" width=\"300\" height=\"300\" src=\"https:\/\/horizon-automation.com\/wp-content\/uploads\/2025\/12\/Icon3.png\" class=\"attachment- size-\" alt=\"\" srcset=\"https:\/\/horizon-automation.com\/wp-content\/uploads\/2025\/12\/Icon3.png 300w, https:\/\/horizon-automation.com\/wp-content\/uploads\/2025\/12\/Icon3-150x150.png 150w\" sizes=\"(max-width: 300px) 100vw, 300px\" \/>                <\/div>\n          <\/div>\n                <div class=\"box-body\">\n                                            <\/div>\n        \n        \n                <\/div>\n        <\/div>\t\t\t\t<\/div>\n\t\t\t\t\t<\/div>\n\t\t<\/div>\n\t\t\t\t<div class=\"elementor-column elementor-col-50 elementor-top-column elementor-element elementor-element-9191c5d\" data-id=\"9191c5d\" data-element_type=\"column\" data-e-type=\"column\">\n\t\t\t<div class=\"elementor-widget-wrap elementor-element-populated\">\n\t\t\t\t\t\t<div class=\"elementor-element elementor-element-411693e elementor-widget elementor-widget-text-editor\" data-id=\"411693e\" data-element_type=\"widget\" data-e-type=\"widget\" data-widget_type=\"text-editor.default\">\n\t\t\t\t\t\t\t\t\t<h2>Czym s\u0105 systemy przeno\u015bnik\u00f3w i sk\u0142adowania?<\/h2><p>Systemy przeno\u015bnik\u00f3w i sk\u0142adowania stanowi\u0105 podstaw\u0119 fizycznego przep\u0142ywu towar\u00f3w w magazynach i centrach logistycznych. Ich zadaniem jest transport, buforowanie oraz uporz\u0105dkowane przechowywanie jednostek magazynowych w spos\u00f3b bezpieczny i kontrolowany.<\/p><p>W nowoczesnych obiektach systemy przeno\u015bnik\u00f3w oraz systemy sk\u0142adowania s\u0105 integraln\u0105 cz\u0119\u015bci\u0105 wi\u0119kszych instalacji automatycznych.<\/p><h2>Jakie funkcje pe\u0142ni\u0105 systemy przeno\u015bnik\u00f3w?<\/h2><p>Systemy przeno\u015bnik\u00f3w odpowiadaj\u0105 za ci\u0105g\u0142o\u015b\u0107 i p\u0142ynno\u015b\u0107 transportu wewn\u0119trznego. Ich prawid\u0142owe zaprojektowanie ma bezpo\u015bredni wp\u0142yw na wydajno\u015b\u0107 ca\u0142ego magazynu.<\/p><p>Do ich g\u0142\u00f3wnych zada\u0144 nale\u017c\u0105:<\/p><ul><li>przemieszczanie towar\u00f3w pomi\u0119dzy strefami,<\/li><li>synchronizacja pracy urz\u0105dze\u0144,<\/li><li>buforowanie w momentach szczytowych,<\/li><li>eliminacja r\u0119cznych operacji transportowych.<\/li><\/ul><p>Ka\u017cdy b\u0142\u0105d w logice transportu wp\u0142ywa na ca\u0142y \u0142a\u0144cuch operacyjny.<\/p><h2>Jak dzia\u0142aj\u0105 systemy sk\u0142adowania w zautomatyzowanym magazynie?<\/h2><p>Systemy sk\u0142adowania odpowiadaj\u0105 za organizacj\u0119 przestrzeni magazynowej oraz kontrol\u0119 dost\u0119pu do towar\u00f3w. Ich zadaniem jest zapewnienie powtarzalno\u015bci, bezpiecze\u0144stwa oraz pe\u0142nej identyfikowalno\u015bci jednostek sk\u0142adowanych.<\/p><p>Automatyczne systemy sk\u0142adowania:<\/p><ul><li>optymalizuj\u0105 wykorzystanie przestrzeni,<\/li><li>skracaj\u0105 czas dost\u0119pu do towaru,<\/li><li>minimalizuj\u0105 ryzyko b\u0142\u0119d\u00f3w lokalizacyjnych,<\/li><li>wspieraj\u0105 stabilno\u015b\u0107 operacji.<\/li><\/ul><h2>Dlaczego integracja system\u00f3w przeno\u015bnik\u00f3w i sk\u0142adowania jest kluczowa?<\/h2><p>Systemy przeno\u015bnik\u00f3w i sk\u0142adowania nie mog\u0105 funkcjonowa\u0107 jako odr\u0119bne instalacje. Ich wsp\u00f3\u0142praca musi by\u0107 oparta na wsp\u00f3lnej logice sterowania i sp\u00f3jnej komunikacji.<\/p><p>Brak integracji prowadzi do:<\/p><ul><li>przestoj\u00f3w transportowych,<\/li><li>konflikt\u00f3w ruchu,<\/li><li>utraty kontroli nad przep\u0142ywem towar\u00f3w.<\/li><\/ul><p>Dlatego projektowanie system\u00f3w zawsze powinno obejmowa\u0107 ca\u0142o\u015b\u0107 procesu, a nie pojedyncze elementy.<\/p><h2>Jak testuje si\u0119 systemy przeno\u015bnik\u00f3w i sk\u0142adowania?<\/h2><p>Testy operacyjne s\u0105 kluczowym etapem wdro\u017cenia system\u00f3w przeno\u015bnik\u00f3w i sk\u0142adowania. Obejmuj\u0105 one sprawdzenie systemu w r\u00f3\u017cnych scenariuszach pracy, przy pe\u0142nym i cz\u0119\u015bciowym obci\u0105\u017ceniu.<\/p><p>Weryfikacji podlegaj\u0105:<\/p><ul><li>p\u0142ynno\u015b\u0107 transportu,<\/li><li>bezpiecze\u0144stwo dzia\u0142ania,<\/li><li>reakcje na b\u0142\u0119dy,<\/li><li>stabilno\u015b\u0107 pracy w trybie ci\u0105g\u0142ym.<\/li><\/ul><h2>Kiedy systemy przeno\u015bnik\u00f3w i sk\u0142adowania dzia\u0142aj\u0105 skutecznie?<\/h2><p>Systemy przeno\u015bnik\u00f3w i sk\u0142adowania dzia\u0142aj\u0105 skutecznie wtedy, gdy s\u0105 dopasowane do charakteru magazynu, zintegrowane z automatyk\u0105 oraz wspierane przez odpowiednie oprogramowanie. Dopiero takie podej\u015bcie zapewnia realn\u0105 wydajno\u015b\u0107 i przewidywalno\u015b\u0107 proces\u00f3w logistycznych.<\/p>\t\t\t\t\t\t\t\t<\/div>\n\t\t\t\t\t<\/div>\n\t\t<\/div>\n\t\t\t\t\t<\/div>\n\t\t<\/section>\n\t\t\t\t<section class=\"elementor-section elementor-top-section elementor-element elementor-element-545e72bc elementor-section-height-min-height elementor-section-items-stretch elementor-section-boxed elementor-section-height-default\" data-id=\"545e72bc\" data-element_type=\"section\" data-e-type=\"section\" data-settings=\"{&quot;background_background&quot;:&quot;classic&quot;}\">\n\t\t\t\t\t\t\t<div class=\"elementor-background-overlay\"><\/div>\n\t\t\t\t\t\t\t<div class=\"elementor-container elementor-column-gap-default\">\n\t\t\t\t\t<div class=\"elementor-column elementor-col-100 elementor-top-column elementor-element elementor-element-574bf295\" data-id=\"574bf295\" data-element_type=\"column\" data-e-type=\"column\">\n\t\t\t<div class=\"elementor-widget-wrap elementor-element-populated\">\n\t\t\t\t\t\t<div class=\"elementor-element elementor-element-60209115 elementor-widget elementor-widget-elementskit-heading\" data-id=\"60209115\" data-element_type=\"widget\" data-e-type=\"widget\" data-widget_type=\"elementskit-heading.default\">\n\t\t\t\t\t<div class=\"ekit-wid-con\" ><div class=\"ekit-heading elementskit-section-title-wraper text_left   ekit_heading_tablet-   ekit_heading_mobile-text_center\"><h2 class=\"ekit-heading--title elementskit-section-title\">Horizon-Automation <span><span>We get things done.<\/span><\/span> <\/h2><\/div><\/div>\t\t\t\t<\/div>\n\t\t\t\t<div class=\"elementor-element elementor-element-2213541 elementor-widget elementor-widget-button\" data-id=\"2213541\" data-element_type=\"widget\" data-e-type=\"widget\" data-widget_type=\"button.default\">\n\t\t\t\t\t\t\t\t\t\t<a class=\"elementor-button elementor-button-link elementor-size-sm elementor-animation-shrink\" href=\"\/en\/contact-us\/\">\n\t\t\t\t\t\t<span class=\"elementor-button-content-wrapper\">\n\t\t\t\t\t\t\t\t\t<span class=\"elementor-button-text\">Write to us!<\/span>\n\t\t\t\t\t<\/span>\n\t\t\t\t\t<\/a>\n\t\t\t\t\t\t\t\t<\/div>\n\t\t\t\t\t<\/div>\n\t\t<\/div>\n\t\t\t\t\t<\/div>\n\t\t<\/section>\n\t\t\t\t<\/div>\n\t\t\n    <div class=\"xs_social_share_widget xs_share_url after_content \t\tmain_content  wslu-style-1 wslu-share-box-shaped wslu-fill-colored wslu-none wslu-share-horizontal wslu-theme-font-no wslu-main_content\">\n\n\t\t\n        <ul>\n\t\t\t        <\/ul>\n    <\/div>","protected":false},"excerpt":{"rendered":"<p>Systemy przeno\u015bnik\u00f3w i sk\u0142adowania Home Czym s\u0105 systemy przeno\u015bnik\u00f3w i sk\u0142adowania? Systemy przeno\u015bnik\u00f3w i sk\u0142adowania stanowi\u0105 podstaw\u0119 fizycznego przep\u0142ywu towar\u00f3w w magazynach i centrach logistycznych. Ich zadaniem jest transport, buforowanie oraz uporz\u0105dkowane przechowywanie jednostek magazynowych w spos\u00f3b bezpieczny i kontrolowany. W nowoczesnych obiektach systemy przeno\u015bnik\u00f3w oraz systemy sk\u0142adowania s\u0105 integraln\u0105 cz\u0119\u015bci\u0105 wi\u0119kszych instalacji automatycznych. Jakie [&hellip;]<\/p>\n","protected":false},"author":1,"featured_media":0,"parent":0,"menu_order":0,"comment_status":"closed","ping_status":"closed","template":"elementor_header_footer","meta":{"inline_featured_image":false,"footnotes":""},"class_list":["post-1561","page","type-page","status-publish","hentry"],"yoast_head":"<!-- This site is optimized with the Yoast SEO plugin v27.4 - https:\/\/yoast.com\/product\/yoast-seo-wordpress\/ -->\n<title>Systemy przeno\u015bnik\u00f3w | Systemy sk\u0142adowania - Horizon Automation<\/title>\n<meta name=\"description\" content=\"Systemy przeno\u015bnik\u00f3w i systemy sk\u0142adowania stanowi\u0105 podstaw\u0119 fizycznego przep\u0142ywu towar\u00f3w w magazynach i centrach logistycznych\" \/>\n<meta name=\"robots\" content=\"index, follow, max-snippet:-1, max-image-preview:large, max-video-preview:-1\" \/>\n<link rel=\"canonical\" href=\"https:\/\/horizon-automation.com\/en\/systemy-przenosnikow-i-systemy-skladowania\/\" \/>\n<meta property=\"og:locale\" content=\"en_GB\" \/>\n<meta property=\"og:type\" content=\"article\" \/>\n<meta property=\"og:title\" content=\"Systemy przeno\u015bnik\u00f3w | Systemy sk\u0142adowania - Horizon Automation\" \/>\n<meta property=\"og:description\" content=\"Systemy przeno\u015bnik\u00f3w i systemy sk\u0142adowania stanowi\u0105 podstaw\u0119 fizycznego przep\u0142ywu towar\u00f3w w magazynach i centrach logistycznych\" \/>\n<meta property=\"og:url\" content=\"https:\/\/horizon-automation.com\/en\/systemy-przenosnikow-i-systemy-skladowania\/\" \/>\n<meta property=\"og:site_name\" content=\"Horizon Automation\" \/>\n<meta property=\"article:modified_time\" content=\"2026-04-10T10:39:42+00:00\" \/>\n<meta property=\"og:image\" content=\"https:\/\/horizon-automation.com\/wp-content\/uploads\/2025\/12\/Icon3.png\" \/>\n<meta name=\"twitter:card\" content=\"summary_large_image\" \/>\n<meta name=\"twitter:label1\" content=\"Estimated reading time\" \/>\n\t<meta name=\"twitter:data1\" content=\"3 minutes\" \/>\n<script type=\"application\/ld+json\" class=\"yoast-schema-graph\">{\"@context\":\"https:\\\/\\\/schema.org\",\"@graph\":[{\"@type\":\"WebPage\",\"@id\":\"https:\\\/\\\/horizon-automation.com\\\/systemy-przenosnikow-i-systemy-skladowania\\\/\",\"url\":\"https:\\\/\\\/horizon-automation.com\\\/systemy-przenosnikow-i-systemy-skladowania\\\/\",\"name\":\"Systemy przeno\u015bnik\u00f3w | Systemy sk\u0142adowania - Horizon Automation\",\"isPartOf\":{\"@id\":\"https:\\\/\\\/horizon-automation.com\\\/#website\"},\"primaryImageOfPage\":{\"@id\":\"https:\\\/\\\/horizon-automation.com\\\/systemy-przenosnikow-i-systemy-skladowania\\\/#primaryimage\"},\"image\":{\"@id\":\"https:\\\/\\\/horizon-automation.com\\\/systemy-przenosnikow-i-systemy-skladowania\\\/#primaryimage\"},\"thumbnailUrl\":\"https:\\\/\\\/horizon-automation.com\\\/wp-content\\\/uploads\\\/2025\\\/12\\\/Icon3.png\",\"datePublished\":\"2026-03-17T12:54:44+00:00\",\"dateModified\":\"2026-04-10T10:39:42+00:00\",\"description\":\"Systemy przeno\u015bnik\u00f3w i systemy sk\u0142adowania stanowi\u0105 podstaw\u0119 fizycznego przep\u0142ywu towar\u00f3w w magazynach i centrach logistycznych\",\"breadcrumb\":{\"@id\":\"https:\\\/\\\/horizon-automation.com\\\/systemy-przenosnikow-i-systemy-skladowania\\\/#breadcrumb\"},\"inLanguage\":\"en-GB\",\"potentialAction\":[{\"@type\":\"ReadAction\",\"target\":[\"https:\\\/\\\/horizon-automation.com\\\/systemy-przenosnikow-i-systemy-skladowania\\\/\"]}]},{\"@type\":\"ImageObject\",\"inLanguage\":\"en-GB\",\"@id\":\"https:\\\/\\\/horizon-automation.com\\\/systemy-przenosnikow-i-systemy-skladowania\\\/#primaryimage\",\"url\":\"https:\\\/\\\/horizon-automation.com\\\/wp-content\\\/uploads\\\/2025\\\/12\\\/Icon3.png\",\"contentUrl\":\"https:\\\/\\\/horizon-automation.com\\\/wp-content\\\/uploads\\\/2025\\\/12\\\/Icon3.png\"},{\"@type\":\"BreadcrumbList\",\"@id\":\"https:\\\/\\\/horizon-automation.com\\\/systemy-przenosnikow-i-systemy-skladowania\\\/#breadcrumb\",\"itemListElement\":[{\"@type\":\"ListItem\",\"position\":1,\"name\":\"Strona g\u0142\u00f3wna\",\"item\":\"https:\\\/\\\/horizon-automation.com\\\/\"},{\"@type\":\"ListItem\",\"position\":2,\"name\":\"Systemy przeno\u015bnik\u00f3w i sk\u0142adowania\"}]},{\"@type\":\"WebSite\",\"@id\":\"https:\\\/\\\/horizon-automation.com\\\/#website\",\"url\":\"https:\\\/\\\/horizon-automation.com\\\/\",\"name\":\"Horizon Automation\",\"description\":\"e-commerce, Automatyka przemys\u0142owa Wroc\u0142aw. Projektowanie, programowanie oraz uruchomienia instalacji zautomatyzowanej logistyki, development\",\"publisher\":{\"@id\":\"https:\\\/\\\/horizon-automation.com\\\/#organization\"},\"potentialAction\":[{\"@type\":\"SearchAction\",\"target\":{\"@type\":\"EntryPoint\",\"urlTemplate\":\"https:\\\/\\\/horizon-automation.com\\\/?s={search_term_string}\"},\"query-input\":{\"@type\":\"PropertyValueSpecification\",\"valueRequired\":true,\"valueName\":\"search_term_string\"}}],\"inLanguage\":\"en-GB\"},{\"@type\":\"Organization\",\"@id\":\"https:\\\/\\\/horizon-automation.com\\\/#organization\",\"name\":\"Horizon Automation\",\"url\":\"https:\\\/\\\/horizon-automation.com\\\/\",\"logo\":{\"@type\":\"ImageObject\",\"inLanguage\":\"en-GB\",\"@id\":\"https:\\\/\\\/horizon-automation.com\\\/#\\\/schema\\\/logo\\\/image\\\/\",\"url\":\"https:\\\/\\\/horizon-automation.com\\\/wp-content\\\/uploads\\\/2025\\\/11\\\/logo-horizon-fav.svg\",\"contentUrl\":\"https:\\\/\\\/horizon-automation.com\\\/wp-content\\\/uploads\\\/2025\\\/11\\\/logo-horizon-fav.svg\",\"width\":600,\"height\":600,\"caption\":\"Horizon Automation\"},\"image\":{\"@id\":\"https:\\\/\\\/horizon-automation.com\\\/#\\\/schema\\\/logo\\\/image\\\/\"}}]}<\/script>\n<!-- \/ Yoast SEO plugin. -->","yoast_head_json":{"title":"Systemy przeno\u015bnik\u00f3w | Systemy sk\u0142adowania - Horizon Automation","description":"Systemy przeno\u015bnik\u00f3w i systemy sk\u0142adowania stanowi\u0105 podstaw\u0119 fizycznego przep\u0142ywu towar\u00f3w w magazynach i centrach logistycznych","robots":{"index":"index","follow":"follow","max-snippet":"max-snippet:-1","max-image-preview":"max-image-preview:large","max-video-preview":"max-video-preview:-1"},"canonical":"https:\/\/horizon-automation.com\/en\/systemy-przenosnikow-i-systemy-skladowania\/","og_locale":"en_GB","og_type":"article","og_title":"Systemy przeno\u015bnik\u00f3w | Systemy sk\u0142adowania - Horizon Automation","og_description":"Systemy przeno\u015bnik\u00f3w i systemy sk\u0142adowania stanowi\u0105 podstaw\u0119 fizycznego przep\u0142ywu towar\u00f3w w magazynach i centrach logistycznych","og_url":"https:\/\/horizon-automation.com\/en\/systemy-przenosnikow-i-systemy-skladowania\/","og_site_name":"Horizon Automation","article_modified_time":"2026-04-10T10:39:42+00:00","og_image":[{"url":"https:\/\/horizon-automation.com\/wp-content\/uploads\/2025\/12\/Icon3.png","type":"","width":"","height":""}],"twitter_card":"summary_large_image","twitter_misc":{"Estimated reading time":"3 minutes"},"schema":{"@context":"https:\/\/schema.org","@graph":[{"@type":"WebPage","@id":"https:\/\/horizon-automation.com\/systemy-przenosnikow-i-systemy-skladowania\/","url":"https:\/\/horizon-automation.com\/systemy-przenosnikow-i-systemy-skladowania\/","name":"Systemy przeno\u015bnik\u00f3w | Systemy sk\u0142adowania - Horizon Automation","isPartOf":{"@id":"https:\/\/horizon-automation.com\/#website"},"primaryImageOfPage":{"@id":"https:\/\/horizon-automation.com\/systemy-przenosnikow-i-systemy-skladowania\/#primaryimage"},"image":{"@id":"https:\/\/horizon-automation.com\/systemy-przenosnikow-i-systemy-skladowania\/#primaryimage"},"thumbnailUrl":"https:\/\/horizon-automation.com\/wp-content\/uploads\/2025\/12\/Icon3.png","datePublished":"2026-03-17T12:54:44+00:00","dateModified":"2026-04-10T10:39:42+00:00","description":"Systemy przeno\u015bnik\u00f3w i systemy sk\u0142adowania stanowi\u0105 podstaw\u0119 fizycznego przep\u0142ywu towar\u00f3w w magazynach i centrach logistycznych","breadcrumb":{"@id":"https:\/\/horizon-automation.com\/systemy-przenosnikow-i-systemy-skladowania\/#breadcrumb"},"inLanguage":"en-GB","potentialAction":[{"@type":"ReadAction","target":["https:\/\/horizon-automation.com\/systemy-przenosnikow-i-systemy-skladowania\/"]}]},{"@type":"ImageObject","inLanguage":"en-GB","@id":"https:\/\/horizon-automation.com\/systemy-przenosnikow-i-systemy-skladowania\/#primaryimage","url":"https:\/\/horizon-automation.com\/wp-content\/uploads\/2025\/12\/Icon3.png","contentUrl":"https:\/\/horizon-automation.com\/wp-content\/uploads\/2025\/12\/Icon3.png"},{"@type":"BreadcrumbList","@id":"https:\/\/horizon-automation.com\/systemy-przenosnikow-i-systemy-skladowania\/#breadcrumb","itemListElement":[{"@type":"ListItem","position":1,"name":"Strona g\u0142\u00f3wna","item":"https:\/\/horizon-automation.com\/"},{"@type":"ListItem","position":2,"name":"Systemy przeno\u015bnik\u00f3w i sk\u0142adowania"}]},{"@type":"WebSite","@id":"https:\/\/horizon-automation.com\/#website","url":"https:\/\/horizon-automation.com\/","name":"Horizon Automation","description":"e-commerce, Automatyka przemys\u0142owa Wroc\u0142aw. Projektowanie, programowanie oraz uruchomienia instalacji zautomatyzowanej logistyki, development","publisher":{"@id":"https:\/\/horizon-automation.com\/#organization"},"potentialAction":[{"@type":"SearchAction","target":{"@type":"EntryPoint","urlTemplate":"https:\/\/horizon-automation.com\/?s={search_term_string}"},"query-input":{"@type":"PropertyValueSpecification","valueRequired":true,"valueName":"search_term_string"}}],"inLanguage":"en-GB"},{"@type":"Organization","@id":"https:\/\/horizon-automation.com\/#organization","name":"Horizon Automation","url":"https:\/\/horizon-automation.com\/","logo":{"@type":"ImageObject","inLanguage":"en-GB","@id":"https:\/\/horizon-automation.com\/#\/schema\/logo\/image\/","url":"https:\/\/horizon-automation.com\/wp-content\/uploads\/2025\/11\/logo-horizon-fav.svg","contentUrl":"https:\/\/horizon-automation.com\/wp-content\/uploads\/2025\/11\/logo-horizon-fav.svg","width":600,"height":600,"caption":"Horizon Automation"},"image":{"@id":"https:\/\/horizon-automation.com\/#\/schema\/logo\/image\/"}}]}},"_links":{"self":[{"href":"https:\/\/horizon-automation.com\/en\/wp-json\/wp\/v2\/pages\/1561","targetHints":{"allow":["GET"]}}],"collection":[{"href":"https:\/\/horizon-automation.com\/en\/wp-json\/wp\/v2\/pages"}],"about":[{"href":"https:\/\/horizon-automation.com\/en\/wp-json\/wp\/v2\/types\/page"}],"author":[{"embeddable":true,"href":"https:\/\/horizon-automation.com\/en\/wp-json\/wp\/v2\/users\/1"}],"replies":[{"embeddable":true,"href":"https:\/\/horizon-automation.com\/en\/wp-json\/wp\/v2\/comments?post=1561"}],"version-history":[{"count":4,"href":"https:\/\/horizon-automation.com\/en\/wp-json\/wp\/v2\/pages\/1561\/revisions"}],"predecessor-version":[{"id":1565,"href":"https:\/\/horizon-automation.com\/en\/wp-json\/wp\/v2\/pages\/1561\/revisions\/1565"}],"wp:attachment":[{"href":"https:\/\/horizon-automation.com\/en\/wp-json\/wp\/v2\/media?parent=1561"}],"curies":[{"name":"wp","href":"https:\/\/api.w.org\/{rel}","templated":true}]}}